{"id":1629,"date":"2020-09-13T10:27:37","date_gmt":"2020-09-13T08:27:37","guid":{"rendered":"https:\/\/madyblue.fr\/?post_type=product&#038;p=1629"},"modified":"2020-09-13T10:33:21","modified_gmt":"2020-09-13T08:33:21","slug":"bracelet-chaine","status":"publish","type":"product","link":"https:\/\/madyblue.fr\/?product=bracelet-chaine","title":{"rendered":"Bracelet dor\u00e9 chaine"},"content":{"rendered":"<p>D\u00e9couvrez la gamme de bijoux MadyBlue.<\/p>\n<p>Le bracelet \u00e9pi d&#8217;amour est en laiton \u00e9maill\u00e9 sur ses deux faces.<\/p>\n<p>Taille : 16 cm<br \/>\nLargeur: 6 mm<br \/>\nEpaisseur : 2 mm<br \/>\nCouleur : Bleu turquoise<br \/>\nCouleur m\u00e9talique : Dor\u00e9<\/p>\n<p>Entretien : Afin que votre bijou reste \u00e0 vos c\u00f4t\u00e9s le plus longtemps possible, \u00e9vitez au maximum le contact avec l&#8217;eau, le parfum et tout autre produit chimique. Pensez \u00e0 le garder \u00e0 l&#8217;abri de l&#8217;humidit\u00e9.<\/p>\n","protected":false},"excerpt":{"rendered":"<p>D\u00e9couvrez la gamme de bijoux MadyBlue. Le bracelet \u00e9pi d&#8217;amour est en laiton \u00e9maill\u00e9 sur ses deux faces. Taille : 16 cm Largeur: 6 mm Epaisseur : 2 mm Couleur : Bleu turquoise Couleur m\u00e9talique : Dor\u00e9 Entretien : Afin que votre bijou reste \u00e0 vos c\u00f4t\u00e9s le plus longtemps possible, \u00e9vitez au maximum le [&hellip;]<\/p>\n","protected":false},"featured_media":1625,"comment_status":"closed","ping_status":"closed","template":"","meta":[],"yoast_head":"<!-- This site is optimized with the Yoast SEO plugin v15.5 - https:\/\/yoast.com\/wordpress\/plugins\/seo\/ -->\n<title>Bracelet dor\u00e9 chaine | Madyblue<\/title>\n<meta name=\"description\" content=\"Les lingettes d\u00e9maquillantes Madyblue ont toutes des imprim\u00e9s uniques. Optez pour le z\u00e9ro d\u00e9chet avec ces lingettes r\u00e9utilisables,lavables et tendances.\" \/>\n<meta name=\"robots\" content=\"index, follow, max-snippet:-1, max-image-preview:large, max-video-preview:-1\" \/>\n<link rel=\"canonical\" href=\"https:\/\/madyblue.fr\/?product=bracelet-chaine\" \/>\n<meta property=\"og:locale\" content=\"fr_FR\" \/>\n<meta property=\"og:type\" content=\"article\" \/>\n<meta property=\"og:title\" content=\"Bracelet dor\u00e9 chaine | Madyblue\" \/>\n<meta property=\"og:description\" content=\"Les lingettes d\u00e9maquillantes Madyblue ont toutes des imprim\u00e9s uniques. Optez pour le z\u00e9ro d\u00e9chet avec ces lingettes r\u00e9utilisables,lavables et tendances.\" \/>\n<meta property=\"og:url\" content=\"https:\/\/madyblue.fr\/?product=bracelet-chaine\" \/>\n<meta property=\"og:site_name\" content=\"Madyblue\" \/>\n<meta property=\"article:publisher\" content=\"https:\/\/www.facebook.com\/coutureelo\/\" \/>\n<meta property=\"article:modified_time\" content=\"2020-09-13T08:33:21+00:00\" \/>\n<meta property=\"og:image\" content=\"https:\/\/madyblue.fr\/wp-content\/uploads\/2020\/09\/B0C4607F-99E3-4976-9741-47F307C254E5-scaled.jpeg\" \/>\n\t<meta property=\"og:image:width\" content=\"2560\" \/>\n\t<meta property=\"og:image:height\" content=\"2560\" \/>\n<meta name=\"twitter:card\" content=\"summary_large_image\" \/>\n<meta name=\"twitter:label1\" content=\"Dur\u00e9e de lecture est.\">\n\t<meta name=\"twitter:data1\" content=\"0 minute\">\n<script type=\"application\/ld+json\" class=\"yoast-schema-graph\">{\"@context\":\"https:\/\/schema.org\",\"@graph\":[{\"@type\":\"Organization\",\"@id\":\"https:\/\/madyblue.fr\/#organization\",\"name\":\"Madyblue\",\"url\":\"https:\/\/madyblue.fr\/\",\"sameAs\":[\"https:\/\/www.facebook.com\/coutureelo\/\",\"https:\/\/www.instagram.com\/madyblue_\/?utm_source=qr\",\"https:\/\/www.youtube.com\/channel\/UCwT7zmvPz-MBcBzQryyMLCA\"],\"logo\":{\"@type\":\"ImageObject\",\"@id\":\"https:\/\/madyblue.fr\/#logo\",\"inLanguage\":\"fr-FR\",\"url\":\"https:\/\/madyblue.fr\/wp-content\/uploads\/2020\/01\/madyblue-logo-final-e1580495257182.png\",\"width\":763,\"height\":118,\"caption\":\"Madyblue\"},\"image\":{\"@id\":\"https:\/\/madyblue.fr\/#logo\"}},{\"@type\":\"WebSite\",\"@id\":\"https:\/\/madyblue.fr\/#website\",\"url\":\"https:\/\/madyblue.fr\/\",\"name\":\"Madyblue\",\"description\":\"Boutique de cr\\u00e9atrice\",\"publisher\":{\"@id\":\"https:\/\/madyblue.fr\/#organization\"},\"potentialAction\":[{\"@type\":\"SearchAction\",\"target\":\"https:\/\/madyblue.fr\/?s={search_term_string}\",\"query-input\":\"required name=search_term_string\"}],\"inLanguage\":\"fr-FR\"},{\"@type\":\"ImageObject\",\"@id\":\"https:\/\/madyblue.fr\/?product=bracelet-chaine#primaryimage\",\"inLanguage\":\"fr-FR\",\"url\":\"https:\/\/madyblue.fr\/wp-content\/uploads\/2020\/09\/B0C4607F-99E3-4976-9741-47F307C254E5-scaled.jpeg\",\"width\":2560,\"height\":2560},{\"@type\":\"WebPage\",\"@id\":\"https:\/\/madyblue.fr\/?product=bracelet-chaine#webpage\",\"url\":\"https:\/\/madyblue.fr\/?product=bracelet-chaine\",\"name\":\"Bracelet dor\\u00e9 chaine | Madyblue\",\"isPartOf\":{\"@id\":\"https:\/\/madyblue.fr\/#website\"},\"primaryImageOfPage\":{\"@id\":\"https:\/\/madyblue.fr\/?product=bracelet-chaine#primaryimage\"},\"datePublished\":\"2020-09-13T08:27:37+00:00\",\"dateModified\":\"2020-09-13T08:33:21+00:00\",\"description\":\"Les lingettes d\\u00e9maquillantes Madyblue ont toutes des imprim\\u00e9s uniques. Optez pour le z\\u00e9ro d\\u00e9chet avec ces lingettes r\\u00e9utilisables,lavables et tendances.\",\"inLanguage\":\"fr-FR\",\"potentialAction\":[{\"@type\":\"ReadAction\",\"target\":[\"https:\/\/madyblue.fr\/?product=bracelet-chaine\"]}]}]}<\/script>\n<!-- \/ Yoast SEO plugin. -->","_links":{"self":[{"href":"https:\/\/madyblue.fr\/index.php?rest_route=\/wp\/v2\/product\/1629"}],"collection":[{"href":"https:\/\/madyblue.fr\/index.php?rest_route=\/wp\/v2\/product"}],"about":[{"href":"https:\/\/madyblue.fr\/index.php?rest_route=\/wp\/v2\/types\/product"}],"replies":[{"embeddable":true,"href":"https:\/\/madyblue.fr\/index.php?rest_route=%2Fwp%2Fv2%2Fcomments&post=1629"}],"version-history":[{"count":0,"href":"https:\/\/madyblue.fr\/index.php?rest_route=\/wp\/v2\/product\/1629\/revisions"}],"wp:featuredmedia":[{"embeddable":true,"href":"https:\/\/madyblue.fr\/index.php?rest_route=\/wp\/v2\/media\/1625"}],"wp:attachment":[{"href":"https:\/\/madyblue.fr\/index.php?rest_route=%2Fwp%2Fv2%2Fmedia&parent=1629"}],"curies":[{"name":"wp","href":"https:\/\/api.w.org\/{rel}","templated":true}]}}