{"id":1390,"date":"2020-04-20T17:53:26","date_gmt":"2020-04-20T15:53:26","guid":{"rendered":"https:\/\/madyblue.fr\/?post_type=product&#038;p=1390"},"modified":"2020-10-24T11:56:39","modified_gmt":"2020-10-24T09:56:39","slug":"lisbonne","status":"publish","type":"product","link":"https:\/\/madyblue.fr\/?product=lisbonne","title":{"rendered":"Lisbonne"},"content":{"rendered":"<pre>D\u00e9couvrez, essayez et adoptez les carr\u00e9s d\u00e9maquillants Madyblue.\r\nOptez pour le z\u00e9ro d\u00e9chet avec ces carr\u00e9s r\u00e9utilisables, lavables, tendances et d\u2019une douceur extr\u00eame.\u00a0\r\n-\r\n Lot de 5 lingettes\u00a0\r\nMati\u00e8re : polycoton imprim\u00e9 fantaisie \/ micro \u00e9ponge bambou.\u00a0\r\nTaille : env. 9 cm X 9 cm.\r\nLavable en machine \u00e0 30\u00b0.<\/pre>\n","protected":false},"excerpt":{"rendered":"<pre>Les carr\u00e9s d\u00e9maquillants lavables et r\u00e9utilisables sont enfin disponibles chez Madyblue.\r\nUtilisez-les avec la lotion de votre choix.\r\n100% z\u00e9ro d\u00e9chet, ils \u00e9vitent l'utilisation des cotons jetables extr\u00eamement polluants.<\/pre>\n","protected":false},"featured_media":1377,"comment_status":"closed","ping_status":"closed","template":"","meta":[],"yoast_head":"<!-- This site is optimized with the Yoast SEO plugin v15.5 - https:\/\/yoast.com\/wordpress\/plugins\/seo\/ -->\n<title>Lisbonne | Madyblue<\/title>\n<meta name=\"description\" content=\"Les carr\u00e9s d\u00e9maquillants lavables et r\u00e9utilisables sont enfin disponibles chez Madyblue. Utilisez-les avec la lotion de votre choix.100% z\u00e9ro d\u00e9chet, ils \u00e9vitent l&#039;utilisation des cotons jetables extr\u00eamement polluants.\" \/>\n<meta name=\"robots\" content=\"index, follow, max-snippet:-1, max-image-preview:large, max-video-preview:-1\" \/>\n<link rel=\"canonical\" href=\"https:\/\/madyblue.fr\/?product=lisbonne\" \/>\n<meta property=\"og:locale\" content=\"fr_FR\" \/>\n<meta property=\"og:type\" content=\"article\" \/>\n<meta property=\"og:title\" content=\"Lisbonne | Madyblue\" \/>\n<meta property=\"og:description\" content=\"Les carr\u00e9s d\u00e9maquillants lavables et r\u00e9utilisables sont enfin disponibles chez Madyblue. Utilisez-les avec la lotion de votre choix.100% z\u00e9ro d\u00e9chet, ils \u00e9vitent l&#039;utilisation des cotons jetables extr\u00eamement polluants.\" \/>\n<meta property=\"og:url\" content=\"https:\/\/madyblue.fr\/?product=lisbonne\" \/>\n<meta property=\"og:site_name\" content=\"Madyblue\" \/>\n<meta property=\"article:publisher\" content=\"https:\/\/www.facebook.com\/coutureelo\/\" \/>\n<meta property=\"article:modified_time\" content=\"2020-10-24T09:56:39+00:00\" \/>\n<meta property=\"og:image\" content=\"https:\/\/madyblue.fr\/wp-content\/uploads\/2020\/01\/B99F0BB2-3833-483B-9C07-8DC5922AE423-scaled.jpeg\" \/>\n\t<meta property=\"og:image:width\" content=\"2560\" \/>\n\t<meta property=\"og:image:height\" content=\"2560\" \/>\n<meta name=\"twitter:card\" content=\"summary_large_image\" \/>\n<meta name=\"twitter:label1\" content=\"Dur\u00e9e de lecture est.\">\n\t<meta name=\"twitter:data1\" content=\"0 minute\">\n<script type=\"application\/ld+json\" class=\"yoast-schema-graph\">{\"@context\":\"https:\/\/schema.org\",\"@graph\":[{\"@type\":\"Organization\",\"@id\":\"https:\/\/madyblue.fr\/#organization\",\"name\":\"Madyblue\",\"url\":\"https:\/\/madyblue.fr\/\",\"sameAs\":[\"https:\/\/www.facebook.com\/coutureelo\/\",\"https:\/\/www.instagram.com\/madyblue_\/?utm_source=qr\",\"https:\/\/www.youtube.com\/channel\/UCwT7zmvPz-MBcBzQryyMLCA\"],\"logo\":{\"@type\":\"ImageObject\",\"@id\":\"https:\/\/madyblue.fr\/#logo\",\"inLanguage\":\"fr-FR\",\"url\":\"https:\/\/madyblue.fr\/wp-content\/uploads\/2020\/01\/madyblue-logo-final-e1580495257182.png\",\"width\":763,\"height\":118,\"caption\":\"Madyblue\"},\"image\":{\"@id\":\"https:\/\/madyblue.fr\/#logo\"}},{\"@type\":\"WebSite\",\"@id\":\"https:\/\/madyblue.fr\/#website\",\"url\":\"https:\/\/madyblue.fr\/\",\"name\":\"Madyblue\",\"description\":\"Boutique de cr\\u00e9atrice\",\"publisher\":{\"@id\":\"https:\/\/madyblue.fr\/#organization\"},\"potentialAction\":[{\"@type\":\"SearchAction\",\"target\":\"https:\/\/madyblue.fr\/?s={search_term_string}\",\"query-input\":\"required name=search_term_string\"}],\"inLanguage\":\"fr-FR\"},{\"@type\":\"ImageObject\",\"@id\":\"https:\/\/madyblue.fr\/?product=lisbonne#primaryimage\",\"inLanguage\":\"fr-FR\",\"url\":\"https:\/\/madyblue.fr\/wp-content\/uploads\/2020\/01\/B99F0BB2-3833-483B-9C07-8DC5922AE423-scaled.jpeg\",\"width\":2560,\"height\":2560},{\"@type\":\"WebPage\",\"@id\":\"https:\/\/madyblue.fr\/?product=lisbonne#webpage\",\"url\":\"https:\/\/madyblue.fr\/?product=lisbonne\",\"name\":\"Lisbonne | Madyblue\",\"isPartOf\":{\"@id\":\"https:\/\/madyblue.fr\/#website\"},\"primaryImageOfPage\":{\"@id\":\"https:\/\/madyblue.fr\/?product=lisbonne#primaryimage\"},\"datePublished\":\"2020-04-20T15:53:26+00:00\",\"dateModified\":\"2020-10-24T09:56:39+00:00\",\"description\":\"Les carr\\u00e9s d\\u00e9maquillants lavables et r\\u00e9utilisables sont enfin disponibles chez Madyblue. Utilisez-les avec la lotion de votre choix.100% z\\u00e9ro d\\u00e9chet, ils \\u00e9vitent l'utilisation des cotons jetables extr\\u00eamement polluants.\",\"inLanguage\":\"fr-FR\",\"potentialAction\":[{\"@type\":\"ReadAction\",\"target\":[\"https:\/\/madyblue.fr\/?product=lisbonne\"]}]}]}<\/script>\n<!-- \/ Yoast SEO plugin. -->","_links":{"self":[{"href":"https:\/\/madyblue.fr\/index.php?rest_route=\/wp\/v2\/product\/1390"}],"collection":[{"href":"https:\/\/madyblue.fr\/index.php?rest_route=\/wp\/v2\/product"}],"about":[{"href":"https:\/\/madyblue.fr\/index.php?rest_route=\/wp\/v2\/types\/product"}],"replies":[{"embeddable":true,"href":"https:\/\/madyblue.fr\/index.php?rest_route=%2Fwp%2Fv2%2Fcomments&post=1390"}],"version-history":[{"count":1,"href":"https:\/\/madyblue.fr\/index.php?rest_route=\/wp\/v2\/product\/1390\/revisions"}],"predecessor-version":[{"id":1654,"href":"https:\/\/madyblue.fr\/index.php?rest_route=\/wp\/v2\/product\/1390\/revisions\/1654"}],"wp:featuredmedia":[{"embeddable":true,"href":"https:\/\/madyblue.fr\/index.php?rest_route=\/wp\/v2\/media\/1377"}],"wp:attachment":[{"href":"https:\/\/madyblue.fr\/index.php?rest_route=%2Fwp%2Fv2%2Fmedia&parent=1390"}],"curies":[{"name":"wp","href":"https:\/\/api.w.org\/{rel}","templated":true}]}}