{"id":1388,"date":"2020-04-20T17:51:20","date_gmt":"2020-04-20T15:51:20","guid":{"rendered":"https:\/\/madyblue.fr\/?post_type=product&#038;p=1388"},"modified":"2020-04-29T18:18:03","modified_gmt":"2020-04-29T16:18:03","slug":"bangkok","status":"publish","type":"product","link":"https:\/\/madyblue.fr\/?product=bangkok","title":{"rendered":"Bangkok"},"content":{"rendered":"<p>D\u00e9couvrez et essayez les lingettes d\u00e9maquillantes Madyblue.<br \/>\nOptez pour le z\u00e9ro d\u00e9chet avec ces lingettes r\u00e9utilisables, lavables, tendances et d\u2019une douceur extr\u00eame.<\/p>\n<p>Lot de 5 lingettes<br \/>\nMati\u00e8re : polycoton imprim\u00e9 fantaisie \/ micro \u00e9ponge bambou.<br \/>\nTaille : env. 9 cm X 9 cm.<br \/>\nLavable en machine \u00e0 30\u00b0.<\/p>\n","protected":false},"excerpt":{"rendered":"<p>Les lingettes d\u00e9maquillantes lavables et r\u00e9utilisables sont un des produits phares de la marque Madyblue. Utilisez-les avec de l&#8217;eau ou bien avec la lotion de votre choix.<br \/>\n100% z\u00e9ro d\u00e9chet, elles \u00e9vitent l&#8217;utilisation des cotons d\u00e9maquillants jetables qui sont extr\u00eamement polluants.<\/p>\n","protected":false},"featured_media":1381,"comment_status":"closed","ping_status":"closed","template":"","meta":[],"yoast_head":"<!-- This site is optimized with the Yoast SEO plugin v15.5 - https:\/\/yoast.com\/wordpress\/plugins\/seo\/ -->\n<title>Bangkok | Madyblue<\/title>\n<meta name=\"description\" content=\"Les lingettes d\u00e9maquillantes Madyblue ont toutes des imprim\u00e9s uniques. Optez pour le z\u00e9ro d\u00e9chet avec ces lingettes r\u00e9utilisables,lavables et tendances.\" \/>\n<meta name=\"robots\" content=\"index, follow, max-snippet:-1, max-image-preview:large, max-video-preview:-1\" \/>\n<link rel=\"canonical\" href=\"https:\/\/madyblue.fr\/?product=bangkok\" \/>\n<meta property=\"og:locale\" content=\"fr_FR\" \/>\n<meta property=\"og:type\" content=\"article\" \/>\n<meta property=\"og:title\" content=\"Bangkok | Madyblue\" \/>\n<meta property=\"og:description\" content=\"Les lingettes d\u00e9maquillantes Madyblue ont toutes des imprim\u00e9s uniques. Optez pour le z\u00e9ro d\u00e9chet avec ces lingettes r\u00e9utilisables,lavables et tendances.\" \/>\n<meta property=\"og:url\" content=\"https:\/\/madyblue.fr\/?product=bangkok\" \/>\n<meta property=\"og:site_name\" content=\"Madyblue\" \/>\n<meta property=\"article:publisher\" content=\"https:\/\/www.facebook.com\/coutureelo\/\" \/>\n<meta property=\"article:modified_time\" content=\"2020-04-29T16:18:03+00:00\" \/>\n<meta property=\"og:image\" content=\"https:\/\/madyblue.fr\/wp-content\/uploads\/2020\/01\/DCEEA0C4-B400-435D-850E-E9713FC886E4-1024x1024.jpeg\" \/>\n\t<meta property=\"og:image:width\" content=\"1024\" \/>\n\t<meta property=\"og:image:height\" content=\"1024\" \/>\n<meta name=\"twitter:card\" content=\"summary_large_image\" \/>\n<meta name=\"twitter:label1\" content=\"Dur\u00e9e de lecture est.\">\n\t<meta name=\"twitter:data1\" content=\"0 minute\">\n<script type=\"application\/ld+json\" class=\"yoast-schema-graph\">{\"@context\":\"https:\/\/schema.org\",\"@graph\":[{\"@type\":\"Organization\",\"@id\":\"https:\/\/madyblue.fr\/#organization\",\"name\":\"Madyblue\",\"url\":\"https:\/\/madyblue.fr\/\",\"sameAs\":[\"https:\/\/www.facebook.com\/coutureelo\/\",\"https:\/\/www.instagram.com\/madyblue_\/?utm_source=qr\",\"https:\/\/www.youtube.com\/channel\/UCwT7zmvPz-MBcBzQryyMLCA\"],\"logo\":{\"@type\":\"ImageObject\",\"@id\":\"https:\/\/madyblue.fr\/#logo\",\"inLanguage\":\"fr-FR\",\"url\":\"https:\/\/madyblue.fr\/wp-content\/uploads\/2020\/01\/madyblue-logo-final-e1580495257182.png\",\"width\":763,\"height\":118,\"caption\":\"Madyblue\"},\"image\":{\"@id\":\"https:\/\/madyblue.fr\/#logo\"}},{\"@type\":\"WebSite\",\"@id\":\"https:\/\/madyblue.fr\/#website\",\"url\":\"https:\/\/madyblue.fr\/\",\"name\":\"Madyblue\",\"description\":\"Boutique de cr\\u00e9atrice\",\"publisher\":{\"@id\":\"https:\/\/madyblue.fr\/#organization\"},\"potentialAction\":[{\"@type\":\"SearchAction\",\"target\":\"https:\/\/madyblue.fr\/?s={search_term_string}\",\"query-input\":\"required name=search_term_string\"}],\"inLanguage\":\"fr-FR\"},{\"@type\":\"ImageObject\",\"@id\":\"https:\/\/madyblue.fr\/?product=bangkok#primaryimage\",\"inLanguage\":\"fr-FR\",\"url\":\"https:\/\/madyblue.fr\/wp-content\/uploads\/2020\/01\/DCEEA0C4-B400-435D-850E-E9713FC886E4.jpeg\",\"width\":2357,\"height\":2357},{\"@type\":\"WebPage\",\"@id\":\"https:\/\/madyblue.fr\/?product=bangkok#webpage\",\"url\":\"https:\/\/madyblue.fr\/?product=bangkok\",\"name\":\"Bangkok | Madyblue\",\"isPartOf\":{\"@id\":\"https:\/\/madyblue.fr\/#website\"},\"primaryImageOfPage\":{\"@id\":\"https:\/\/madyblue.fr\/?product=bangkok#primaryimage\"},\"datePublished\":\"2020-04-20T15:51:20+00:00\",\"dateModified\":\"2020-04-29T16:18:03+00:00\",\"description\":\"Les lingettes d\\u00e9maquillantes Madyblue ont toutes des imprim\\u00e9s uniques. Optez pour le z\\u00e9ro d\\u00e9chet avec ces lingettes r\\u00e9utilisables,lavables et tendances.\",\"inLanguage\":\"fr-FR\",\"potentialAction\":[{\"@type\":\"ReadAction\",\"target\":[\"https:\/\/madyblue.fr\/?product=bangkok\"]}]}]}<\/script>\n<!-- \/ Yoast SEO plugin. -->","_links":{"self":[{"href":"https:\/\/madyblue.fr\/index.php?rest_route=\/wp\/v2\/product\/1388"}],"collection":[{"href":"https:\/\/madyblue.fr\/index.php?rest_route=\/wp\/v2\/product"}],"about":[{"href":"https:\/\/madyblue.fr\/index.php?rest_route=\/wp\/v2\/types\/product"}],"replies":[{"embeddable":true,"href":"https:\/\/madyblue.fr\/index.php?rest_route=%2Fwp%2Fv2%2Fcomments&post=1388"}],"version-history":[{"count":0,"href":"https:\/\/madyblue.fr\/index.php?rest_route=\/wp\/v2\/product\/1388\/revisions"}],"wp:featuredmedia":[{"embeddable":true,"href":"https:\/\/madyblue.fr\/index.php?rest_route=\/wp\/v2\/media\/1381"}],"wp:attachment":[{"href":"https:\/\/madyblue.fr\/index.php?rest_route=%2Fwp%2Fv2%2Fmedia&parent=1388"}],"curies":[{"name":"wp","href":"https:\/\/api.w.org\/{rel}","templated":true}]}}