{"id":1049,"date":"2020-01-19T18:26:51","date_gmt":"2020-01-19T16:26:51","guid":{"rendered":"https:\/\/geniusbusiness.fr\/?post_type=product&#038;p=1049"},"modified":"2020-04-29T18:20:40","modified_gmt":"2020-04-29T16:20:40","slug":"lingettes-demaquillantes-red-lips","status":"publish","type":"product","link":"https:\/\/madyblue.fr\/?product=lingettes-demaquillantes-red-lips","title":{"rendered":"Orl\u00e9ans"},"content":{"rendered":"<p>Les lingettes d\u00e9maquillantes Madyblue ont toutes des imprim\u00e9s uniques. Optez pour le z\u00e9ro d\u00e9chet avec ces lingettes r\u00e9utilisables, lavables et tendances.<\/p>\n<p>Lot de 10 lingettes<br \/>\nMati\u00e8re: polycoton uni ou imprim\u00e9 fantaisie \/ micro \u00e9ponge bambou.<br \/>\nTaille: env. 9 cm X 9 cm.<br \/>\nLavable en machine \u00e0 30\u00b0.<\/p>\n","protected":false},"excerpt":{"rendered":"<p>Ces lingettes d\u00e9maquillantes lavables et r\u00e9utilisables ont \u00e9t\u00e9 l&#8217;un des premiers produits de la gamme Madyblue. Garantie 100% z\u00e9ro d\u00e9chet, elles \u00e9vitent l&#8217;utilisation des cotons d\u00e9maquillants jetables. Elles peuvent s&#8217;utiliser juste avec de l&#8217;eau ou bien avec une lotion de votre choix sur le visage. Les lingettes d\u00e9maquillantes Madyblue sont toutes uniques gr\u00e2ce \u00e0 leurs motifs et imprim\u00e9s tendances.<\/p>\n","protected":false},"featured_media":1385,"comment_status":"closed","ping_status":"closed","template":"","meta":[],"yoast_head":"<!-- This site is optimized with the Yoast SEO plugin v15.5 - https:\/\/yoast.com\/wordpress\/plugins\/seo\/ -->\n<title>Orl\u00e9ans | Madyblue<\/title>\n<meta name=\"description\" content=\"Les lingettes d\u00e9maquillantes Madyblue ont toutes des imprim\u00e9s uniques. Optez pour le z\u00e9ro d\u00e9chet avec ces lingettes r\u00e9utilisables,lavables et tendances.\" \/>\n<meta name=\"robots\" content=\"index, follow, max-snippet:-1, max-image-preview:large, max-video-preview:-1\" \/>\n<link rel=\"canonical\" href=\"https:\/\/madyblue.fr\/?product=lingettes-demaquillantes-red-lips\" \/>\n<meta property=\"og:locale\" content=\"fr_FR\" \/>\n<meta property=\"og:type\" content=\"article\" \/>\n<meta property=\"og:title\" content=\"Orl\u00e9ans | Madyblue\" \/>\n<meta property=\"og:description\" content=\"Les lingettes d\u00e9maquillantes Madyblue ont toutes des imprim\u00e9s uniques. Optez pour le z\u00e9ro d\u00e9chet avec ces lingettes r\u00e9utilisables,lavables et tendances.\" \/>\n<meta property=\"og:url\" content=\"https:\/\/madyblue.fr\/?product=lingettes-demaquillantes-red-lips\" \/>\n<meta property=\"og:site_name\" content=\"Madyblue\" \/>\n<meta property=\"article:publisher\" content=\"https:\/\/www.facebook.com\/coutureelo\/\" \/>\n<meta property=\"article:modified_time\" content=\"2020-04-29T16:20:40+00:00\" \/>\n<meta property=\"og:image\" content=\"https:\/\/madyblue.fr\/wp-content\/uploads\/2020\/01\/516AFDB5-D290-428E-9DD0-4459211B75CE-scaled.jpeg\" \/>\n\t<meta property=\"og:image:width\" content=\"2560\" \/>\n\t<meta property=\"og:image:height\" content=\"2560\" \/>\n<meta name=\"twitter:card\" content=\"summary_large_image\" \/>\n<meta name=\"twitter:label1\" content=\"Dur\u00e9e de lecture est.\">\n\t<meta name=\"twitter:data1\" content=\"0 minute\">\n<script type=\"application\/ld+json\" class=\"yoast-schema-graph\">{\"@context\":\"https:\/\/schema.org\",\"@graph\":[{\"@type\":\"Organization\",\"@id\":\"https:\/\/madyblue.fr\/#organization\",\"name\":\"Madyblue\",\"url\":\"https:\/\/madyblue.fr\/\",\"sameAs\":[\"https:\/\/www.facebook.com\/coutureelo\/\",\"https:\/\/www.instagram.com\/madyblue_\/?utm_source=qr\",\"https:\/\/www.youtube.com\/channel\/UCwT7zmvPz-MBcBzQryyMLCA\"],\"logo\":{\"@type\":\"ImageObject\",\"@id\":\"https:\/\/madyblue.fr\/#logo\",\"inLanguage\":\"fr-FR\",\"url\":\"https:\/\/madyblue.fr\/wp-content\/uploads\/2020\/01\/madyblue-logo-final-e1580495257182.png\",\"width\":763,\"height\":118,\"caption\":\"Madyblue\"},\"image\":{\"@id\":\"https:\/\/madyblue.fr\/#logo\"}},{\"@type\":\"WebSite\",\"@id\":\"https:\/\/madyblue.fr\/#website\",\"url\":\"https:\/\/madyblue.fr\/\",\"name\":\"Madyblue\",\"description\":\"Boutique de cr\\u00e9atrice\",\"publisher\":{\"@id\":\"https:\/\/madyblue.fr\/#organization\"},\"potentialAction\":[{\"@type\":\"SearchAction\",\"target\":\"https:\/\/madyblue.fr\/?s={search_term_string}\",\"query-input\":\"required name=search_term_string\"}],\"inLanguage\":\"fr-FR\"},{\"@type\":\"ImageObject\",\"@id\":\"https:\/\/madyblue.fr\/?product=lingettes-demaquillantes-red-lips#primaryimage\",\"inLanguage\":\"fr-FR\",\"url\":\"https:\/\/madyblue.fr\/wp-content\/uploads\/2020\/01\/516AFDB5-D290-428E-9DD0-4459211B75CE-scaled.jpeg\",\"width\":2560,\"height\":2560},{\"@type\":\"WebPage\",\"@id\":\"https:\/\/madyblue.fr\/?product=lingettes-demaquillantes-red-lips#webpage\",\"url\":\"https:\/\/madyblue.fr\/?product=lingettes-demaquillantes-red-lips\",\"name\":\"Orl\\u00e9ans | Madyblue\",\"isPartOf\":{\"@id\":\"https:\/\/madyblue.fr\/#website\"},\"primaryImageOfPage\":{\"@id\":\"https:\/\/madyblue.fr\/?product=lingettes-demaquillantes-red-lips#primaryimage\"},\"datePublished\":\"2020-01-19T16:26:51+00:00\",\"dateModified\":\"2020-04-29T16:20:40+00:00\",\"description\":\"Les lingettes d\\u00e9maquillantes Madyblue ont toutes des imprim\\u00e9s uniques. Optez pour le z\\u00e9ro d\\u00e9chet avec ces lingettes r\\u00e9utilisables,lavables et tendances.\",\"inLanguage\":\"fr-FR\",\"potentialAction\":[{\"@type\":\"ReadAction\",\"target\":[\"https:\/\/madyblue.fr\/?product=lingettes-demaquillantes-red-lips\"]}]}]}<\/script>\n<!-- \/ Yoast SEO plugin. -->","_links":{"self":[{"href":"https:\/\/madyblue.fr\/index.php?rest_route=\/wp\/v2\/product\/1049"}],"collection":[{"href":"https:\/\/madyblue.fr\/index.php?rest_route=\/wp\/v2\/product"}],"about":[{"href":"https:\/\/madyblue.fr\/index.php?rest_route=\/wp\/v2\/types\/product"}],"replies":[{"embeddable":true,"href":"https:\/\/madyblue.fr\/index.php?rest_route=%2Fwp%2Fv2%2Fcomments&post=1049"}],"version-history":[{"count":0,"href":"https:\/\/madyblue.fr\/index.php?rest_route=\/wp\/v2\/product\/1049\/revisions"}],"wp:featuredmedia":[{"embeddable":true,"href":"https:\/\/madyblue.fr\/index.php?rest_route=\/wp\/v2\/media\/1385"}],"wp:attachment":[{"href":"https:\/\/madyblue.fr\/index.php?rest_route=%2Fwp%2Fv2%2Fmedia&parent=1049"}],"curies":[{"name":"wp","href":"https:\/\/api.w.org\/{rel}","templated":true}]}}