{"id":64,"date":"2019-12-06T09:42:53","date_gmt":"2019-12-06T09:42:53","guid":{"rendered":"http:\/\/geniusbusiness.fr\/?page_id=64"},"modified":"2023-11-17T22:18:09","modified_gmt":"2023-11-17T20:18:09","slug":"lookbook","status":"publish","type":"page","link":"https:\/\/madyblue.fr\/?page_id=64","title":{"rendered":"Lookbook"},"content":{"rendered":"\t\t<div data-elementor-type=\"wp-page\" data-elementor-id=\"64\" class=\"elementor elementor-64\" data-elementor-post-type=\"page\">\n\t\t\t\t\t\t\t\t\t<section class=\"elementor-section elementor-top-section elementor-element elementor-element-c455bce elementor-section-boxed elementor-section-height-default elementor-section-height-default\" data-id=\"c455bce\" data-element_type=\"section\">\n\t\t\t\t\t\t<div class=\"elementor-container elementor-column-gap-default\">\n\t\t\t\t\t<div class=\"elementor-column elementor-col-100 elementor-top-column elementor-element elementor-element-77b4a5a\" data-id=\"77b4a5a\" data-element_type=\"column\">\n\t\t\t<div class=\"elementor-widget-wrap elementor-element-populated\">\n\t\t\t\t\t\t\t\t<div class=\"elementor-element elementor-element-929ec24 elementor-headline--style-rotate elementor-widget elementor-widget-animated-headline\" data-id=\"929ec24\" data-element_type=\"widget\" data-settings=\"{&quot;headline_style&quot;:&quot;rotate&quot;,&quot;rotating_text&quot;:&quot;sur Instagram\\nauthentique\\nunique&quot;,&quot;animation_type&quot;:&quot;typing&quot;,&quot;loop&quot;:&quot;yes&quot;,&quot;rotate_iteration_delay&quot;:2500}\" data-widget_type=\"animated-headline.default\">\n\t\t\t\t<div class=\"elementor-widget-container\">\n\t\t\t\t\t<h3 class=\"elementor-headline elementor-headline-animation-type-typing elementor-headline-letters\">\n\t\t\t\t\t<span class=\"elementor-headline-plain-text elementor-headline-text-wrapper\">Madyblue est<\/span>\n\t\t\t\t<span class=\"elementor-headline-dynamic-wrapper elementor-headline-text-wrapper\">\n\t\t\t\t\t<span class=\"elementor-headline-dynamic-text elementor-headline-text-active\">\n\t\t\t\tsur&nbsp;Instagram\t\t\t<\/span>\n\t\t\t\t\t<span class=\"elementor-headline-dynamic-text\">\n\t\t\t\tauthentique\t\t\t<\/span>\n\t\t\t\t\t<span class=\"elementor-headline-dynamic-text\">\n\t\t\t\tunique\t\t\t<\/span>\n\t\t\t\t\t\t<\/span>\n\t\t\t\t<\/h3>\n\t\t\t\t<\/div>\n\t\t\t\t<\/div>\n\t\t\t\t\t<\/div>\n\t\t<\/div>\n\t\t\t\t\t\t\t<\/div>\n\t\t<\/section>\n\t\t\t\t<section class=\"elementor-section elementor-top-section elementor-element elementor-element-10d9363 elementor-section-boxed elementor-section-height-default elementor-section-height-default\" data-id=\"10d9363\" data-element_type=\"section\">\n\t\t\t\t\t\t<div class=\"elementor-container elementor-column-gap-default\">\n\t\t\t\t\t<div class=\"elementor-column elementor-col-33 elementor-top-column elementor-element elementor-element-11fc128\" data-id=\"11fc128\" data-element_type=\"column\">\n\t\t\t<div class=\"elementor-widget-wrap elementor-element-populated\">\n\t\t\t\t\t\t\t\t<div class=\"elementor-element elementor-element-ba3a762 elementor-widget elementor-widget-image\" data-id=\"ba3a762\" data-element_type=\"widget\" data-widget_type=\"image.default\">\n\t\t\t\t<div class=\"elementor-widget-container\">\n\t\t\t\t\t\t\t\t\t\t\t\t\t\t\t<img loading=\"lazy\" decoding=\"async\" width=\"800\" height=\"800\" src=\"https:\/\/madyblue.fr\/wp-content\/uploads\/2020\/04\/7766F519-0F65-43B4-AADD-DCE09E86775E-1024x1024.jpeg\" class=\"attachment-large size-large wp-image-1331\" alt=\"\" srcset=\"https:\/\/madyblue.fr\/wp-content\/uploads\/2020\/04\/7766F519-0F65-43B4-AADD-DCE09E86775E-1024x1024.jpeg 1024w, https:\/\/madyblue.fr\/wp-content\/uploads\/2020\/04\/7766F519-0F65-43B4-AADD-DCE09E86775E-scaled-300x300.jpeg 300w, https:\/\/madyblue.fr\/wp-content\/uploads\/2020\/04\/7766F519-0F65-43B4-AADD-DCE09E86775E-scaled-100x100.jpeg 100w, https:\/\/madyblue.fr\/wp-content\/uploads\/2020\/04\/7766F519-0F65-43B4-AADD-DCE09E86775E-scaled-600x600.jpeg 600w, https:\/\/madyblue.fr\/wp-content\/uploads\/2020\/04\/7766F519-0F65-43B4-AADD-DCE09E86775E-150x150.jpeg 150w, https:\/\/madyblue.fr\/wp-content\/uploads\/2020\/04\/7766F519-0F65-43B4-AADD-DCE09E86775E-768x768.jpeg 768w, https:\/\/madyblue.fr\/wp-content\/uploads\/2020\/04\/7766F519-0F65-43B4-AADD-DCE09E86775E-1536x1536.jpeg 1536w, https:\/\/madyblue.fr\/wp-content\/uploads\/2020\/04\/7766F519-0F65-43B4-AADD-DCE09E86775E-2048x2048.jpeg 2048w\" sizes=\"(max-width: 800px) 100vw, 800px\" \/>\t\t\t\t\t\t\t\t\t\t\t\t\t\t\t<\/div>\n\t\t\t\t<\/div>\n\t\t\t\t\t<\/div>\n\t\t<\/div>\n\t\t\t\t<div class=\"elementor-column elementor-col-33 elementor-top-column elementor-element elementor-element-5f2f263\" data-id=\"5f2f263\" data-element_type=\"column\">\n\t\t\t<div class=\"elementor-widget-wrap elementor-element-populated\">\n\t\t\t\t\t\t\t\t<div class=\"elementor-element elementor-element-7768b59 elementor-widget elementor-widget-image\" data-id=\"7768b59\" data-element_type=\"widget\" data-widget_type=\"image.default\">\n\t\t\t\t<div class=\"elementor-widget-container\">\n\t\t\t\t\t\t\t\t\t\t\t\t\t\t\t<img loading=\"lazy\" decoding=\"async\" width=\"800\" height=\"800\" src=\"https:\/\/madyblue.fr\/wp-content\/uploads\/2020\/04\/485C152E-444C-4A5A-8F46-6E06CCB73EC4-1024x1024.jpeg\" class=\"attachment-large size-large wp-image-1330\" alt=\"\" srcset=\"https:\/\/madyblue.fr\/wp-content\/uploads\/2020\/04\/485C152E-444C-4A5A-8F46-6E06CCB73EC4-1024x1024.jpeg 1024w, https:\/\/madyblue.fr\/wp-content\/uploads\/2020\/04\/485C152E-444C-4A5A-8F46-6E06CCB73EC4-scaled-300x300.jpeg 300w, https:\/\/madyblue.fr\/wp-content\/uploads\/2020\/04\/485C152E-444C-4A5A-8F46-6E06CCB73EC4-scaled-100x100.jpeg 100w, https:\/\/madyblue.fr\/wp-content\/uploads\/2020\/04\/485C152E-444C-4A5A-8F46-6E06CCB73EC4-scaled-600x600.jpeg 600w, https:\/\/madyblue.fr\/wp-content\/uploads\/2020\/04\/485C152E-444C-4A5A-8F46-6E06CCB73EC4-150x150.jpeg 150w, https:\/\/madyblue.fr\/wp-content\/uploads\/2020\/04\/485C152E-444C-4A5A-8F46-6E06CCB73EC4-768x768.jpeg 768w, https:\/\/madyblue.fr\/wp-content\/uploads\/2020\/04\/485C152E-444C-4A5A-8F46-6E06CCB73EC4-1536x1536.jpeg 1536w, https:\/\/madyblue.fr\/wp-content\/uploads\/2020\/04\/485C152E-444C-4A5A-8F46-6E06CCB73EC4-2048x2048.jpeg 2048w\" sizes=\"(max-width: 800px) 100vw, 800px\" \/>\t\t\t\t\t\t\t\t\t\t\t\t\t\t\t<\/div>\n\t\t\t\t<\/div>\n\t\t\t\t\t<\/div>\n\t\t<\/div>\n\t\t\t\t<div class=\"elementor-column elementor-col-33 elementor-top-column elementor-element elementor-element-8937886\" data-id=\"8937886\" data-element_type=\"column\">\n\t\t\t<div class=\"elementor-widget-wrap elementor-element-populated\">\n\t\t\t\t\t\t\t\t<div class=\"elementor-element elementor-element-a0c12eb elementor-widget elementor-widget-image\" data-id=\"a0c12eb\" data-element_type=\"widget\" data-widget_type=\"image.default\">\n\t\t\t\t<div class=\"elementor-widget-container\">\n\t\t\t\t\t\t\t\t\t\t\t\t\t\t\t<img loading=\"lazy\" decoding=\"async\" width=\"800\" height=\"800\" src=\"https:\/\/madyblue.fr\/wp-content\/uploads\/2020\/04\/106EE887-6DE8-4857-98C4-1814B52D1F6A-1024x1024.jpeg\" class=\"attachment-large size-large wp-image-1332\" alt=\"\" srcset=\"https:\/\/madyblue.fr\/wp-content\/uploads\/2020\/04\/106EE887-6DE8-4857-98C4-1814B52D1F6A-1024x1024.jpeg 1024w, https:\/\/madyblue.fr\/wp-content\/uploads\/2020\/04\/106EE887-6DE8-4857-98C4-1814B52D1F6A-scaled-300x300.jpeg 300w, https:\/\/madyblue.fr\/wp-content\/uploads\/2020\/04\/106EE887-6DE8-4857-98C4-1814B52D1F6A-scaled-100x100.jpeg 100w, https:\/\/madyblue.fr\/wp-content\/uploads\/2020\/04\/106EE887-6DE8-4857-98C4-1814B52D1F6A-scaled-600x600.jpeg 600w, https:\/\/madyblue.fr\/wp-content\/uploads\/2020\/04\/106EE887-6DE8-4857-98C4-1814B52D1F6A-150x150.jpeg 150w, https:\/\/madyblue.fr\/wp-content\/uploads\/2020\/04\/106EE887-6DE8-4857-98C4-1814B52D1F6A-768x768.jpeg 768w, https:\/\/madyblue.fr\/wp-content\/uploads\/2020\/04\/106EE887-6DE8-4857-98C4-1814B52D1F6A-1536x1536.jpeg 1536w, https:\/\/madyblue.fr\/wp-content\/uploads\/2020\/04\/106EE887-6DE8-4857-98C4-1814B52D1F6A-2048x2048.jpeg 2048w\" sizes=\"(max-width: 800px) 100vw, 800px\" \/>\t\t\t\t\t\t\t\t\t\t\t\t\t\t\t<\/div>\n\t\t\t\t<\/div>\n\t\t\t\t\t<\/div>\n\t\t<\/div>\n\t\t\t\t\t\t\t<\/div>\n\t\t<\/section>\n\t\t\t\t<section class=\"elementor-section elementor-top-section elementor-element elementor-element-5ef860e elementor-section-boxed elementor-section-height-default elementor-section-height-default\" data-id=\"5ef860e\" data-element_type=\"section\">\n\t\t\t\t\t\t<div class=\"elementor-container elementor-column-gap-default\">\n\t\t\t\t\t<div class=\"elementor-column elementor-col-100 elementor-top-column elementor-element elementor-element-7edaae6\" data-id=\"7edaae6\" data-element_type=\"column\">\n\t\t\t<div class=\"elementor-widget-wrap elementor-element-populated\">\n\t\t\t\t\t\t\t\t<div class=\"elementor-element elementor-element-abcf254 elementor-widget elementor-widget-image\" data-id=\"abcf254\" data-element_type=\"widget\" data-widget_type=\"image.default\">\n\t\t\t\t<div class=\"elementor-widget-container\">\n\t\t\t\t\t\t\t\t\t\t\t\t\t\t\t<img loading=\"lazy\" decoding=\"async\" width=\"2560\" height=\"1731\" src=\"https:\/\/madyblue.fr\/wp-content\/uploads\/2020\/04\/volha-flaxeco-BCNjBsK37XA-unsplash-scaled.jpg\" class=\"attachment-full size-full wp-image-1325\" alt=\"\" srcset=\"https:\/\/madyblue.fr\/wp-content\/uploads\/2020\/04\/volha-flaxeco-BCNjBsK37XA-unsplash-scaled.jpg 2560w, https:\/\/madyblue.fr\/wp-content\/uploads\/2020\/04\/volha-flaxeco-BCNjBsK37XA-unsplash-scaled-600x406.jpg 600w, https:\/\/madyblue.fr\/wp-content\/uploads\/2020\/04\/volha-flaxeco-BCNjBsK37XA-unsplash-300x203.jpg 300w, https:\/\/madyblue.fr\/wp-content\/uploads\/2020\/04\/volha-flaxeco-BCNjBsK37XA-unsplash-1024x692.jpg 1024w, https:\/\/madyblue.fr\/wp-content\/uploads\/2020\/04\/volha-flaxeco-BCNjBsK37XA-unsplash-768x519.jpg 768w, https:\/\/madyblue.fr\/wp-content\/uploads\/2020\/04\/volha-flaxeco-BCNjBsK37XA-unsplash-1536x1038.jpg 1536w, https:\/\/madyblue.fr\/wp-content\/uploads\/2020\/04\/volha-flaxeco-BCNjBsK37XA-unsplash-2048x1384.jpg 2048w\" sizes=\"(max-width: 2560px) 100vw, 2560px\" \/>\t\t\t\t\t\t\t\t\t\t\t\t\t\t\t<\/div>\n\t\t\t\t<\/div>\n\t\t\t\t\t<\/div>\n\t\t<\/div>\n\t\t\t\t\t\t\t<\/div>\n\t\t<\/section>\n\t\t\t\t<section class=\"elementor-section elementor-top-section elementor-element elementor-element-cf43d99 elementor-section-boxed elementor-section-height-default elementor-section-height-default\" data-id=\"cf43d99\" data-element_type=\"section\">\n\t\t\t\t\t\t<div class=\"elementor-container elementor-column-gap-default\">\n\t\t\t\t\t<div class=\"elementor-column elementor-col-33 elementor-top-column elementor-element elementor-element-6023048\" data-id=\"6023048\" data-element_type=\"column\">\n\t\t\t<div class=\"elementor-widget-wrap elementor-element-populated\">\n\t\t\t\t\t\t\t\t<div class=\"elementor-element elementor-element-82ba8d8 elementor-widget elementor-widget-image\" data-id=\"82ba8d8\" data-element_type=\"widget\" data-widget_type=\"image.default\">\n\t\t\t\t<div class=\"elementor-widget-container\">\n\t\t\t\t\t\t\t\t\t\t\t\t\t\t\t<img loading=\"lazy\" decoding=\"async\" width=\"300\" height=\"300\" src=\"https:\/\/madyblue.fr\/wp-content\/uploads\/2020\/08\/5F7C62FD-0E39-47B7-A902-681A3C197CB0-scaled-300x300.jpeg\" class=\"attachment-woocommerce_thumbnail size-woocommerce_thumbnail wp-image-1542\" alt=\"\" srcset=\"https:\/\/madyblue.fr\/wp-content\/uploads\/2020\/08\/5F7C62FD-0E39-47B7-A902-681A3C197CB0-scaled-300x300.jpeg 300w, https:\/\/madyblue.fr\/wp-content\/uploads\/2020\/08\/5F7C62FD-0E39-47B7-A902-681A3C197CB0-scaled-100x100.jpeg 100w, https:\/\/madyblue.fr\/wp-content\/uploads\/2020\/08\/5F7C62FD-0E39-47B7-A902-681A3C197CB0-150x150.jpeg 150w\" sizes=\"(max-width: 300px) 100vw, 300px\" \/>\t\t\t\t\t\t\t\t\t\t\t\t\t\t\t<\/div>\n\t\t\t\t<\/div>\n\t\t\t\t\t<\/div>\n\t\t<\/div>\n\t\t\t\t<div class=\"elementor-column elementor-col-33 elementor-top-column elementor-element elementor-element-c3aec5f\" data-id=\"c3aec5f\" data-element_type=\"column\">\n\t\t\t<div class=\"elementor-widget-wrap elementor-element-populated\">\n\t\t\t\t\t\t\t\t<div class=\"elementor-element elementor-element-e1595da elementor-widget elementor-widget-image\" data-id=\"e1595da\" data-element_type=\"widget\" data-widget_type=\"image.default\">\n\t\t\t\t<div class=\"elementor-widget-container\">\n\t\t\t\t\t\t\t\t\t\t\t\t\t\t\t<img loading=\"lazy\" decoding=\"async\" width=\"300\" height=\"300\" src=\"https:\/\/madyblue.fr\/wp-content\/uploads\/2020\/08\/FDA26AA4-97E5-4225-BFF8-6B594F01B4ED_1_201_a-scaled-300x300.jpeg\" class=\"attachment-woocommerce_thumbnail size-woocommerce_thumbnail wp-image-1530\" alt=\"\" srcset=\"https:\/\/madyblue.fr\/wp-content\/uploads\/2020\/08\/FDA26AA4-97E5-4225-BFF8-6B594F01B4ED_1_201_a-scaled-300x300.jpeg 300w, https:\/\/madyblue.fr\/wp-content\/uploads\/2020\/08\/FDA26AA4-97E5-4225-BFF8-6B594F01B4ED_1_201_a-scaled-100x100.jpeg 100w, https:\/\/madyblue.fr\/wp-content\/uploads\/2020\/08\/FDA26AA4-97E5-4225-BFF8-6B594F01B4ED_1_201_a-150x150.jpeg 150w\" sizes=\"(max-width: 300px) 100vw, 300px\" \/>\t\t\t\t\t\t\t\t\t\t\t\t\t\t\t<\/div>\n\t\t\t\t<\/div>\n\t\t\t\t\t<\/div>\n\t\t<\/div>\n\t\t\t\t<div class=\"elementor-column elementor-col-33 elementor-top-column elementor-element elementor-element-8e90375\" data-id=\"8e90375\" data-element_type=\"column\">\n\t\t\t<div class=\"elementor-widget-wrap elementor-element-populated\">\n\t\t\t\t\t\t\t\t<div class=\"elementor-element elementor-element-46ef529 elementor-widget elementor-widget-image\" data-id=\"46ef529\" data-element_type=\"widget\" data-widget_type=\"image.default\">\n\t\t\t\t<div class=\"elementor-widget-container\">\n\t\t\t\t\t\t\t\t\t\t\t\t\t\t\t<img loading=\"lazy\" decoding=\"async\" width=\"300\" height=\"300\" src=\"https:\/\/madyblue.fr\/wp-content\/uploads\/2020\/08\/1237AA51-75F0-41FB-94E3-412919E15589-scaled-300x300.jpeg\" class=\"attachment-woocommerce_thumbnail size-woocommerce_thumbnail wp-image-1545\" alt=\"\" srcset=\"https:\/\/madyblue.fr\/wp-content\/uploads\/2020\/08\/1237AA51-75F0-41FB-94E3-412919E15589-scaled-300x300.jpeg 300w, https:\/\/madyblue.fr\/wp-content\/uploads\/2020\/08\/1237AA51-75F0-41FB-94E3-412919E15589-scaled-100x100.jpeg 100w, https:\/\/madyblue.fr\/wp-content\/uploads\/2020\/08\/1237AA51-75F0-41FB-94E3-412919E15589-150x150.jpeg 150w\" sizes=\"(max-width: 300px) 100vw, 300px\" \/>\t\t\t\t\t\t\t\t\t\t\t\t\t\t\t<\/div>\n\t\t\t\t<\/div>\n\t\t\t\t\t<\/div>\n\t\t<\/div>\n\t\t\t\t\t\t\t<\/div>\n\t\t<\/section>\n\t\t\t\t<section class=\"elementor-section elementor-top-section elementor-element elementor-element-c6f7105 elementor-section-boxed elementor-section-height-default elementor-section-height-default\" data-id=\"c6f7105\" data-element_type=\"section\">\n\t\t\t\t\t\t<div class=\"elementor-container elementor-column-gap-default\">\n\t\t\t\t\t<div class=\"elementor-column elementor-col-50 elementor-top-column elementor-element elementor-element-a0671cc\" data-id=\"a0671cc\" data-element_type=\"column\">\n\t\t\t<div class=\"elementor-widget-wrap elementor-element-populated\">\n\t\t\t\t\t\t\t\t<div class=\"elementor-element elementor-element-efb62b7 elementor-widget elementor-widget-image\" data-id=\"efb62b7\" data-element_type=\"widget\" data-widget_type=\"image.default\">\n\t\t\t\t<div class=\"elementor-widget-container\">\n\t\t\t\t\t\t\t\t\t\t\t\t\t\t\t<img loading=\"lazy\" decoding=\"async\" width=\"800\" height=\"800\" src=\"https:\/\/madyblue.fr\/wp-content\/uploads\/2020\/04\/C421D7DF-53EC-41E9-A17D-37D81A62EB52-1024x1024.jpeg\" class=\"attachment-large size-large wp-image-1343\" alt=\"\" srcset=\"https:\/\/madyblue.fr\/wp-content\/uploads\/2020\/04\/C421D7DF-53EC-41E9-A17D-37D81A62EB52-1024x1024.jpeg 1024w, https:\/\/madyblue.fr\/wp-content\/uploads\/2020\/04\/C421D7DF-53EC-41E9-A17D-37D81A62EB52-scaled-300x300.jpeg 300w, https:\/\/madyblue.fr\/wp-content\/uploads\/2020\/04\/C421D7DF-53EC-41E9-A17D-37D81A62EB52-scaled-100x100.jpeg 100w, https:\/\/madyblue.fr\/wp-content\/uploads\/2020\/04\/C421D7DF-53EC-41E9-A17D-37D81A62EB52-scaled-600x600.jpeg 600w, https:\/\/madyblue.fr\/wp-content\/uploads\/2020\/04\/C421D7DF-53EC-41E9-A17D-37D81A62EB52-150x150.jpeg 150w, https:\/\/madyblue.fr\/wp-content\/uploads\/2020\/04\/C421D7DF-53EC-41E9-A17D-37D81A62EB52-768x768.jpeg 768w, https:\/\/madyblue.fr\/wp-content\/uploads\/2020\/04\/C421D7DF-53EC-41E9-A17D-37D81A62EB52-1536x1536.jpeg 1536w, https:\/\/madyblue.fr\/wp-content\/uploads\/2020\/04\/C421D7DF-53EC-41E9-A17D-37D81A62EB52-2048x2048.jpeg 2048w\" sizes=\"(max-width: 800px) 100vw, 800px\" \/>\t\t\t\t\t\t\t\t\t\t\t\t\t\t\t<\/div>\n\t\t\t\t<\/div>\n\t\t\t\t\t<\/div>\n\t\t<\/div>\n\t\t\t\t<div class=\"elementor-column elementor-col-50 elementor-top-column elementor-element elementor-element-2eb3900\" data-id=\"2eb3900\" data-element_type=\"column\">\n\t\t\t<div class=\"elementor-widget-wrap elementor-element-populated\">\n\t\t\t\t\t\t\t\t<div class=\"elementor-element elementor-element-07a5751 elementor-widget elementor-widget-image\" data-id=\"07a5751\" data-element_type=\"widget\" data-widget_type=\"image.default\">\n\t\t\t\t<div class=\"elementor-widget-container\">\n\t\t\t\t\t\t\t\t\t\t\t\t\t\t\t<img loading=\"lazy\" decoding=\"async\" width=\"800\" height=\"800\" src=\"https:\/\/madyblue.fr\/wp-content\/uploads\/2020\/04\/342C0027-C9F8-456B-82CB-814C055BB18B-1024x1024.jpeg\" class=\"attachment-large size-large wp-image-1344\" alt=\"\" srcset=\"https:\/\/madyblue.fr\/wp-content\/uploads\/2020\/04\/342C0027-C9F8-456B-82CB-814C055BB18B-1024x1024.jpeg 1024w, https:\/\/madyblue.fr\/wp-content\/uploads\/2020\/04\/342C0027-C9F8-456B-82CB-814C055BB18B-scaled-300x300.jpeg 300w, https:\/\/madyblue.fr\/wp-content\/uploads\/2020\/04\/342C0027-C9F8-456B-82CB-814C055BB18B-scaled-100x100.jpeg 100w, https:\/\/madyblue.fr\/wp-content\/uploads\/2020\/04\/342C0027-C9F8-456B-82CB-814C055BB18B-scaled-600x600.jpeg 600w, https:\/\/madyblue.fr\/wp-content\/uploads\/2020\/04\/342C0027-C9F8-456B-82CB-814C055BB18B-150x150.jpeg 150w, https:\/\/madyblue.fr\/wp-content\/uploads\/2020\/04\/342C0027-C9F8-456B-82CB-814C055BB18B-768x768.jpeg 768w, https:\/\/madyblue.fr\/wp-content\/uploads\/2020\/04\/342C0027-C9F8-456B-82CB-814C055BB18B-1536x1536.jpeg 1536w, https:\/\/madyblue.fr\/wp-content\/uploads\/2020\/04\/342C0027-C9F8-456B-82CB-814C055BB18B-2048x2048.jpeg 2048w\" sizes=\"(max-width: 800px) 100vw, 800px\" \/>\t\t\t\t\t\t\t\t\t\t\t\t\t\t\t<\/div>\n\t\t\t\t<\/div>\n\t\t\t\t\t<\/div>\n\t\t<\/div>\n\t\t\t\t\t\t\t<\/div>\n\t\t<\/section>\n\t\t\t\t<section class=\"elementor-section elementor-top-section elementor-element elementor-element-a4b68aa elementor-section-boxed elementor-section-height-default elementor-section-height-default\" data-id=\"a4b68aa\" data-element_type=\"section\">\n\t\t\t\t\t\t<div class=\"elementor-container elementor-column-gap-default\">\n\t\t\t\t\t<div class=\"elementor-column elementor-col-100 elementor-top-column elementor-element elementor-element-eae67a3\" data-id=\"eae67a3\" data-element_type=\"column\">\n\t\t\t<div class=\"elementor-widget-wrap elementor-element-populated\">\n\t\t\t\t\t\t\t\t<div class=\"elementor-element elementor-element-d1b8d6f elementor-widget-divider--view-line elementor-widget elementor-widget-divider\" data-id=\"d1b8d6f\" data-element_type=\"widget\" data-widget_type=\"divider.default\">\n\t\t\t\t<div class=\"elementor-widget-container\">\n\t\t\t\t\t<div class=\"elementor-divider\">\n\t\t\t<span class=\"elementor-divider-separator\">\n\t\t\t\t\t\t<\/span>\n\t\t<\/div>\n\t\t\t\t<\/div>\n\t\t\t\t<\/div>\n\t\t\t\t\t<\/div>\n\t\t<\/div>\n\t\t\t\t\t\t\t<\/div>\n\t\t<\/section>\n\t\t\t\t\t\t\t<\/div>\n\t\t","protected":false},"excerpt":{"rendered":"<p>Madyblue est<\/p>\n","protected":false},"author":1,"featured_media":0,"parent":0,"menu_order":0,"comment_status":"closed","ping_status":"closed","template":"elementor_header_footer","meta":{"footnotes":""},"yoast_head":"<!-- This site is optimized with the Yoast SEO plugin v15.5 - https:\/\/yoast.com\/wordpress\/plugins\/seo\/ -->\n<title>Lookbook | Madyblue<\/title>\n<meta name=\"description\" content=\"Marque de v\u00eatements et accessoires pour femme | Voyagez en d\u00e9couvrant les collections arborant le th\u00e9me du voyage. Voici les tendances du moment!\" \/>\n<meta name=\"robots\" content=\"index, follow, max-snippet:-1, max-image-preview:large, max-video-preview:-1\" \/>\n<link rel=\"canonical\" href=\"https:\/\/madyblue.fr\/?page_id=64\" \/>\n<meta property=\"og:locale\" content=\"fr_FR\" \/>\n<meta property=\"og:type\" content=\"article\" \/>\n<meta property=\"og:title\" content=\"Lookbook | Madyblue\" \/>\n<meta property=\"og:description\" content=\"Marque de v\u00eatements et accessoires pour femme | Voyagez en d\u00e9couvrant les collections arborant le th\u00e9me du voyage. Voici les tendances du moment!\" \/>\n<meta property=\"og:url\" content=\"https:\/\/madyblue.fr\/?page_id=64\" \/>\n<meta property=\"og:site_name\" content=\"Madyblue\" \/>\n<meta property=\"article:publisher\" content=\"https:\/\/www.facebook.com\/coutureelo\/\" \/>\n<meta property=\"article:modified_time\" content=\"2023-11-17T20:18:09+00:00\" \/>\n<meta property=\"og:image\" content=\"https:\/\/madyblue.fr\/wp-content\/uploads\/2020\/04\/7766F519-0F65-43B4-AADD-DCE09E86775E-1024x1024.jpeg\" \/>\n<meta name=\"twitter:card\" content=\"summary_large_image\" \/>\n<meta name=\"twitter:label1\" content=\"Dur\u00e9e de lecture est.\">\n\t<meta name=\"twitter:data1\" content=\"0 minute\">\n<script type=\"application\/ld+json\" class=\"yoast-schema-graph\">{\"@context\":\"https:\/\/schema.org\",\"@graph\":[{\"@type\":\"Organization\",\"@id\":\"https:\/\/madyblue.fr\/#organization\",\"name\":\"Madyblue\",\"url\":\"https:\/\/madyblue.fr\/\",\"sameAs\":[\"https:\/\/www.facebook.com\/coutureelo\/\",\"https:\/\/www.instagram.com\/madyblue_\/?utm_source=qr\",\"https:\/\/www.youtube.com\/channel\/UCwT7zmvPz-MBcBzQryyMLCA\"],\"logo\":{\"@type\":\"ImageObject\",\"@id\":\"https:\/\/madyblue.fr\/#logo\",\"inLanguage\":\"fr-FR\",\"url\":\"https:\/\/madyblue.fr\/wp-content\/uploads\/2020\/01\/madyblue-logo-final-e1580495257182.png\",\"width\":763,\"height\":118,\"caption\":\"Madyblue\"},\"image\":{\"@id\":\"https:\/\/madyblue.fr\/#logo\"}},{\"@type\":\"WebSite\",\"@id\":\"https:\/\/madyblue.fr\/#website\",\"url\":\"https:\/\/madyblue.fr\/\",\"name\":\"Madyblue\",\"description\":\"Boutique de cr\\u00e9atrice\",\"publisher\":{\"@id\":\"https:\/\/madyblue.fr\/#organization\"},\"potentialAction\":[{\"@type\":\"SearchAction\",\"target\":\"https:\/\/madyblue.fr\/?s={search_term_string}\",\"query-input\":\"required name=search_term_string\"}],\"inLanguage\":\"fr-FR\"},{\"@type\":\"ImageObject\",\"@id\":\"https:\/\/madyblue.fr\/?page_id=64#primaryimage\",\"inLanguage\":\"fr-FR\",\"url\":\"https:\/\/madyblue.fr\/wp-content\/uploads\/2020\/04\/7766F519-0F65-43B4-AADD-DCE09E86775E-1024x1024.jpeg\"},{\"@type\":\"WebPage\",\"@id\":\"https:\/\/madyblue.fr\/?page_id=64#webpage\",\"url\":\"https:\/\/madyblue.fr\/?page_id=64\",\"name\":\"Lookbook | Madyblue\",\"isPartOf\":{\"@id\":\"https:\/\/madyblue.fr\/#website\"},\"primaryImageOfPage\":{\"@id\":\"https:\/\/madyblue.fr\/?page_id=64#primaryimage\"},\"datePublished\":\"2019-12-06T09:42:53+00:00\",\"dateModified\":\"2023-11-17T20:18:09+00:00\",\"description\":\"Marque de v\\u00eatements et accessoires pour femme | Voyagez en d\\u00e9couvrant les collections arborant le th\\u00e9me du voyage. Voici les tendances du moment!\",\"inLanguage\":\"fr-FR\",\"potentialAction\":[{\"@type\":\"ReadAction\",\"target\":[\"https:\/\/madyblue.fr\/?page_id=64\"]}]}]}<\/script>\n<!-- \/ Yoast SEO plugin. -->","_links":{"self":[{"href":"https:\/\/madyblue.fr\/index.php?rest_route=\/wp\/v2\/pages\/64"}],"collection":[{"href":"https:\/\/madyblue.fr\/index.php?rest_route=\/wp\/v2\/pages"}],"about":[{"href":"https:\/\/madyblue.fr\/index.php?rest_route=\/wp\/v2\/types\/page"}],"author":[{"embeddable":true,"href":"https:\/\/madyblue.fr\/index.php?rest_route=\/wp\/v2\/users\/1"}],"replies":[{"embeddable":true,"href":"https:\/\/madyblue.fr\/index.php?rest_route=%2Fwp%2Fv2%2Fcomments&post=64"}],"version-history":[{"count":12,"href":"https:\/\/madyblue.fr\/index.php?rest_route=\/wp\/v2\/pages\/64\/revisions"}],"predecessor-version":[{"id":1770,"href":"https:\/\/madyblue.fr\/index.php?rest_route=\/wp\/v2\/pages\/64\/revisions\/1770"}],"wp:attachment":[{"href":"https:\/\/madyblue.fr\/index.php?rest_route=%2Fwp%2Fv2%2Fmedia&parent=64"}],"curies":[{"name":"wp","href":"https:\/\/api.w.org\/{rel}","templated":true}]}}