{"id":57,"date":"2019-12-06T09:37:30","date_gmt":"2019-12-06T09:37:30","guid":{"rendered":"http:\/\/geniusbusiness.fr\/?page_id=57"},"modified":"2023-11-17T21:00:47","modified_gmt":"2023-11-17T19:00:47","slug":"histoire","status":"publish","type":"page","link":"https:\/\/madyblue.fr\/?page_id=57","title":{"rendered":"Histoire"},"content":{"rendered":"\t\t<div data-elementor-type=\"wp-page\" data-elementor-id=\"57\" class=\"elementor elementor-57\" data-elementor-post-type=\"page\">\n\t\t\t\t\t\t\t\t\t<section class=\"elementor-section elementor-top-section elementor-element elementor-element-1810563 elementor-section-full_width elementor-section-height-min-height elementor-section-items-stretch elementor-section-content-middle elementor-section-height-default\" data-id=\"1810563\" data-element_type=\"section\" data-settings=\"{&quot;background_background&quot;:&quot;none&quot;}\">\n\t\t\t\t\t\t<div class=\"elementor-container elementor-column-gap-no\">\n\t\t\t\t\t<div class=\"elementor-column elementor-col-50 elementor-top-column elementor-element elementor-element-6ecd3873 elementor-invisible\" data-id=\"6ecd3873\" data-element_type=\"column\" data-settings=\"{&quot;background_background&quot;:&quot;classic&quot;,&quot;animation&quot;:&quot;fadeInLeft&quot;}\">\n\t\t\t<div class=\"elementor-widget-wrap elementor-element-populated\">\n\t\t\t\t\t\t\t\t<div class=\"elementor-element elementor-element-467d537 elementor-widget elementor-widget-image\" data-id=\"467d537\" data-element_type=\"widget\" data-settings=\"{&quot;motion_fx_motion_fx_scrolling&quot;:&quot;yes&quot;,&quot;motion_fx_translateX_effect&quot;:&quot;yes&quot;,&quot;motion_fx_translateX_speed&quot;:{&quot;unit&quot;:&quot;px&quot;,&quot;size&quot;:4,&quot;sizes&quot;:[]},&quot;motion_fx_translateX_affectedRange&quot;:{&quot;unit&quot;:&quot;%&quot;,&quot;size&quot;:&quot;&quot;,&quot;sizes&quot;:{&quot;start&quot;:0,&quot;end&quot;:100}},&quot;motion_fx_devices&quot;:[&quot;desktop&quot;,&quot;tablet&quot;,&quot;mobile&quot;]}\" data-widget_type=\"image.default\">\n\t\t\t\t<div class=\"elementor-widget-container\">\n\t\t\t\t\t\t\t\t\t\t\t\t\t\t\t<img loading=\"lazy\" decoding=\"async\" width=\"800\" height=\"600\" src=\"https:\/\/madyblue.fr\/wp-content\/uploads\/2020\/04\/CFDE4C5B-DCFB-4725-ABBE-9557640F054C-1024x768.jpeg\" class=\"attachment-large size-large wp-image-1440\" alt=\"\" srcset=\"https:\/\/madyblue.fr\/wp-content\/uploads\/2020\/04\/CFDE4C5B-DCFB-4725-ABBE-9557640F054C-1024x768.jpeg 1024w, https:\/\/madyblue.fr\/wp-content\/uploads\/2020\/04\/CFDE4C5B-DCFB-4725-ABBE-9557640F054C-scaled-600x450.jpeg 600w, https:\/\/madyblue.fr\/wp-content\/uploads\/2020\/04\/CFDE4C5B-DCFB-4725-ABBE-9557640F054C-300x225.jpeg 300w, https:\/\/madyblue.fr\/wp-content\/uploads\/2020\/04\/CFDE4C5B-DCFB-4725-ABBE-9557640F054C-768x576.jpeg 768w, https:\/\/madyblue.fr\/wp-content\/uploads\/2020\/04\/CFDE4C5B-DCFB-4725-ABBE-9557640F054C-1536x1152.jpeg 1536w, https:\/\/madyblue.fr\/wp-content\/uploads\/2020\/04\/CFDE4C5B-DCFB-4725-ABBE-9557640F054C-2048x1536.jpeg 2048w\" sizes=\"(max-width: 800px) 100vw, 800px\" \/>\t\t\t\t\t\t\t\t\t\t\t\t\t\t\t<\/div>\n\t\t\t\t<\/div>\n\t\t\t\t\t<\/div>\n\t\t<\/div>\n\t\t\t\t<div class=\"elementor-column elementor-col-50 elementor-top-column elementor-element elementor-element-397b8f7d\" data-id=\"397b8f7d\" data-element_type=\"column\" data-settings=\"{&quot;background_background&quot;:&quot;none&quot;}\">\n\t\t\t<div class=\"elementor-widget-wrap elementor-element-populated\">\n\t\t\t\t\t\t\t\t<div class=\"elementor-element elementor-element-3f68215 elementor-invisible elementor-widget elementor-widget-heading\" data-id=\"3f68215\" data-element_type=\"widget\" data-settings=\"{&quot;_animation&quot;:&quot;fadeInLeft&quot;}\" data-widget_type=\"heading.default\">\n\t\t\t\t<div class=\"elementor-widget-container\">\n\t\t\t<h2 class=\"elementor-heading-title elementor-size-default\">Histoire<\/h2>\t\t<\/div>\n\t\t\t\t<\/div>\n\t\t\t\t<div class=\"elementor-element elementor-element-5692c100 elementor-widget-divider--view-line elementor-invisible elementor-widget elementor-widget-divider\" data-id=\"5692c100\" data-element_type=\"widget\" data-settings=\"{&quot;_animation&quot;:&quot;fadeInLeft&quot;}\" data-widget_type=\"divider.default\">\n\t\t\t\t<div class=\"elementor-widget-container\">\n\t\t\t\t\t<div class=\"elementor-divider\">\n\t\t\t<span class=\"elementor-divider-separator\">\n\t\t\t\t\t\t<\/span>\n\t\t<\/div>\n\t\t\t\t<\/div>\n\t\t\t\t<\/div>\n\t\t\t\t<div class=\"elementor-element elementor-element-81a9488 elementor-invisible elementor-widget elementor-widget-text-editor\" data-id=\"81a9488\" data-element_type=\"widget\" data-settings=\"{&quot;_animation&quot;:&quot;fadeInLeft&quot;}\" data-widget_type=\"text-editor.default\">\n\t\t\t\t<div class=\"elementor-widget-container\">\n\t\t\t\t\t\t\t<p>Madyblue propose une fusion \u00e9quilibr\u00e9e entre la mode, l&#8217;exclusivit\u00e9 et l&#8217;\u00e9vasion. Elle illustre au travers de ses collections un m\u00e9lange d&#8217;\u00e9motion qui a \u00e9t\u00e9 inspir\u00e9 par la vie d&#8217;une femme appel\u00e9e Mady.\u00a0<\/p><p>Lors de ses voyages autour du monde, Mady a marqu\u00e9 un grand nombre de personnes par sa grande gentillesse, son \u00e9l\u00e9gance mais surtout par ses magnifiques yeux bleus. C&#8217;est lors de l&#8217;un de ses voyages au S\u00e9n\u00e9gal que les enfants de l&#8217;ile de Gor\u00e9e l&#8217;ont surnomm\u00e9 Madyblue<span style=\"color: #172b4d; font-family: -apple-system, BlinkMacSystemFont, 'Segoe UI', Roboto, 'Noto Sans', Ubuntu, 'Droid Sans', 'Helvetica Neue', sans-serif;\"><span style=\"font-size: 14px;\">.<\/span><\/span><\/p>\t\t\t\t\t\t<\/div>\n\t\t\t\t<\/div>\n\t\t\t\t\t<\/div>\n\t\t<\/div>\n\t\t\t\t\t\t\t<\/div>\n\t\t<\/section>\n\t\t\t\t<section class=\"elementor-section elementor-top-section elementor-element elementor-element-7fc5f383 elementor-section-boxed elementor-section-height-default elementor-section-height-default\" data-id=\"7fc5f383\" data-element_type=\"section\" data-settings=\"{&quot;background_background&quot;:&quot;classic&quot;}\">\n\t\t\t\t\t\t<div class=\"elementor-container elementor-column-gap-default\">\n\t\t\t\t\t<div class=\"elementor-column elementor-col-100 elementor-top-column elementor-element elementor-element-5ad6f52f\" data-id=\"5ad6f52f\" data-element_type=\"column\">\n\t\t\t<div class=\"elementor-widget-wrap elementor-element-populated\">\n\t\t\t\t\t\t\t\t<div class=\"elementor-element elementor-element-31280783 elementor-invisible elementor-widget elementor-widget-heading\" data-id=\"31280783\" data-element_type=\"widget\" data-settings=\"{&quot;_animation&quot;:&quot;fadeInUp&quot;}\" data-widget_type=\"heading.default\">\n\t\t\t\t<div class=\"elementor-widget-container\">\n\t\t\t<h3 class=\"elementor-heading-title elementor-size-large\">Cette femme, appel\u00e9e Mady, \u00e9tait ma grand-m\u00e8re.<\/h3>\t\t<\/div>\n\t\t\t\t<\/div>\n\t\t\t\t\t<\/div>\n\t\t<\/div>\n\t\t\t\t\t\t\t<\/div>\n\t\t<\/section>\n\t\t\t\t<section class=\"elementor-section elementor-top-section elementor-element elementor-element-5d123835 elementor-section-content-middle elementor-section-boxed elementor-section-height-default elementor-section-height-default\" data-id=\"5d123835\" data-element_type=\"section\">\n\t\t\t\t\t\t<div class=\"elementor-container elementor-column-gap-default\">\n\t\t\t\t\t<div class=\"elementor-column elementor-col-50 elementor-top-column elementor-element elementor-element-5d16d1d3\" data-id=\"5d16d1d3\" data-element_type=\"column\">\n\t\t\t<div class=\"elementor-widget-wrap elementor-element-populated\">\n\t\t\t\t\t\t\t\t<div class=\"elementor-element elementor-element-3797687e elementor-invisible elementor-widget elementor-widget-text-editor\" data-id=\"3797687e\" data-element_type=\"widget\" data-settings=\"{&quot;_animation&quot;:&quot;fadeInRight&quot;}\" data-widget_type=\"text-editor.default\">\n\t\t\t\t<div class=\"elementor-widget-container\">\n\t\t\t\t\t\t\t<p><span style=\"color: #363636; font-family: Poppins, sans-serif; font-size: 16px;\">Native de la r\u00e9gion Orl\u00e9anaise, j&#8217;ai 26 ans.<\/span><\/p><p><span style=\"color: #363636; font-family: Poppins, sans-serif; font-size: 16px;\">J&#8217;ai r\u00e9alis\u00e9 mes \u00e9tudes post-bac dans ma ville de coeur : La Rochelle.\u00a0<\/span><\/p><p><span style=\"color: #363636; font-family: Poppins, sans-serif; font-size: medium;\">Cette ville tr\u00e8s apaisante, qui offre une qualit\u00e9 de vie extraordinaire, m&#8217;a donn\u00e9 \u00e9norm\u00e9ment\u00a0<span style=\"caret-color: #363636;\">d&#8217;inspiration, c&#8217;est donc tout naturellement \u00e0 cet endroit et \u00e0 cet instant l\u00e0 de ma vie q<\/span>ue j&#8217;ai choisi de me lancer dans le projet Madyblue.<\/span><\/p>\t\t\t\t\t\t<\/div>\n\t\t\t\t<\/div>\n\t\t\t\t\t<\/div>\n\t\t<\/div>\n\t\t\t\t<div class=\"elementor-column elementor-col-50 elementor-top-column elementor-element elementor-element-69df5005\" data-id=\"69df5005\" data-element_type=\"column\">\n\t\t\t<div class=\"elementor-widget-wrap elementor-element-populated\">\n\t\t\t\t\t\t\t\t<div class=\"elementor-element elementor-element-33ed15bb elementor-invisible elementor-widget elementor-widget-image\" data-id=\"33ed15bb\" data-element_type=\"widget\" data-settings=\"{&quot;_animation&quot;:&quot;fadeInRight&quot;,&quot;_animation_mobile&quot;:&quot;fadeInRight&quot;}\" data-widget_type=\"image.default\">\n\t\t\t\t<div class=\"elementor-widget-container\">\n\t\t\t\t\t\t\t\t\t\t\t\t\t\t\t<img loading=\"lazy\" decoding=\"async\" width=\"2447\" height=\"2447\" src=\"https:\/\/madyblue.fr\/wp-content\/uploads\/2020\/08\/C5C0D06D-6EB9-48A3-BAFA-4E3BDC75621B-1.jpeg\" class=\"attachment-full size-full wp-image-1522\" alt=\"\" srcset=\"https:\/\/madyblue.fr\/wp-content\/uploads\/2020\/08\/C5C0D06D-6EB9-48A3-BAFA-4E3BDC75621B-1.jpeg 2447w, https:\/\/madyblue.fr\/wp-content\/uploads\/2020\/08\/C5C0D06D-6EB9-48A3-BAFA-4E3BDC75621B-1-300x300.jpeg 300w, https:\/\/madyblue.fr\/wp-content\/uploads\/2020\/08\/C5C0D06D-6EB9-48A3-BAFA-4E3BDC75621B-1-100x100.jpeg 100w, https:\/\/madyblue.fr\/wp-content\/uploads\/2020\/08\/C5C0D06D-6EB9-48A3-BAFA-4E3BDC75621B-1-600x600.jpeg 600w, https:\/\/madyblue.fr\/wp-content\/uploads\/2020\/08\/C5C0D06D-6EB9-48A3-BAFA-4E3BDC75621B-1-1024x1024.jpeg 1024w, https:\/\/madyblue.fr\/wp-content\/uploads\/2020\/08\/C5C0D06D-6EB9-48A3-BAFA-4E3BDC75621B-1-150x150.jpeg 150w, https:\/\/madyblue.fr\/wp-content\/uploads\/2020\/08\/C5C0D06D-6EB9-48A3-BAFA-4E3BDC75621B-1-768x768.jpeg 768w, https:\/\/madyblue.fr\/wp-content\/uploads\/2020\/08\/C5C0D06D-6EB9-48A3-BAFA-4E3BDC75621B-1-1536x1536.jpeg 1536w, https:\/\/madyblue.fr\/wp-content\/uploads\/2020\/08\/C5C0D06D-6EB9-48A3-BAFA-4E3BDC75621B-1-2048x2048.jpeg 2048w\" sizes=\"(max-width: 2447px) 100vw, 2447px\" \/>\t\t\t\t\t\t\t\t\t\t\t\t\t\t\t<\/div>\n\t\t\t\t<\/div>\n\t\t\t\t\t<\/div>\n\t\t<\/div>\n\t\t\t\t\t\t\t<\/div>\n\t\t<\/section>\n\t\t\t\t<section class=\"elementor-section elementor-top-section elementor-element elementor-element-ae47e20 elementor-section-content-middle elementor-reverse-mobile elementor-section-boxed elementor-section-height-default elementor-section-height-default\" data-id=\"ae47e20\" data-element_type=\"section\">\n\t\t\t\t\t\t<div class=\"elementor-container elementor-column-gap-default\">\n\t\t\t\t\t<div class=\"elementor-column elementor-col-50 elementor-top-column elementor-element elementor-element-147c34d9\" data-id=\"147c34d9\" data-element_type=\"column\">\n\t\t\t<div class=\"elementor-widget-wrap elementor-element-populated\">\n\t\t\t\t\t\t\t\t<div class=\"elementor-element elementor-element-749a520c elementor-invisible elementor-widget elementor-widget-image\" data-id=\"749a520c\" data-element_type=\"widget\" data-settings=\"{&quot;_animation&quot;:&quot;fadeInLeft&quot;,&quot;_animation_mobile&quot;:&quot;fadeInRight&quot;}\" data-widget_type=\"image.default\">\n\t\t\t\t<div class=\"elementor-widget-container\">\n\t\t\t\t\t\t\t\t\t\t\t\t\t\t\t<img loading=\"lazy\" decoding=\"async\" width=\"1080\" height=\"1086\" src=\"https:\/\/madyblue.fr\/wp-content\/uploads\/2020\/08\/59138A5E-DC4D-4C5A-8F7D-28C6AA36E77A.jpeg\" class=\"attachment-full size-full wp-image-1518\" alt=\"\" srcset=\"https:\/\/madyblue.fr\/wp-content\/uploads\/2020\/08\/59138A5E-DC4D-4C5A-8F7D-28C6AA36E77A.jpeg 1080w, https:\/\/madyblue.fr\/wp-content\/uploads\/2020\/08\/59138A5E-DC4D-4C5A-8F7D-28C6AA36E77A-100x100.jpeg 100w, https:\/\/madyblue.fr\/wp-content\/uploads\/2020\/08\/59138A5E-DC4D-4C5A-8F7D-28C6AA36E77A-600x603.jpeg 600w, https:\/\/madyblue.fr\/wp-content\/uploads\/2020\/08\/59138A5E-DC4D-4C5A-8F7D-28C6AA36E77A-298x300.jpeg 298w, https:\/\/madyblue.fr\/wp-content\/uploads\/2020\/08\/59138A5E-DC4D-4C5A-8F7D-28C6AA36E77A-1018x1024.jpeg 1018w, https:\/\/madyblue.fr\/wp-content\/uploads\/2020\/08\/59138A5E-DC4D-4C5A-8F7D-28C6AA36E77A-150x150.jpeg 150w, https:\/\/madyblue.fr\/wp-content\/uploads\/2020\/08\/59138A5E-DC4D-4C5A-8F7D-28C6AA36E77A-768x772.jpeg 768w\" sizes=\"(max-width: 1080px) 100vw, 1080px\" \/>\t\t\t\t\t\t\t\t\t\t\t\t\t\t\t<\/div>\n\t\t\t\t<\/div>\n\t\t\t\t\t<\/div>\n\t\t<\/div>\n\t\t\t\t<div class=\"elementor-column elementor-col-50 elementor-top-column elementor-element elementor-element-72f9e0c8\" data-id=\"72f9e0c8\" data-element_type=\"column\">\n\t\t\t<div class=\"elementor-widget-wrap elementor-element-populated\">\n\t\t\t\t\t\t\t\t<div class=\"elementor-element elementor-element-53e139d4 elementor-invisible elementor-widget elementor-widget-text-editor\" data-id=\"53e139d4\" data-element_type=\"widget\" data-settings=\"{&quot;_animation&quot;:&quot;fadeInLeft&quot;}\" data-widget_type=\"text-editor.default\">\n\t\t\t\t<div class=\"elementor-widget-container\">\n\t\t\t\t\t\t\t<p><br style=\"color: #363636; font-family: Poppins, sans-serif; font-size: 16px;\" \/><span style=\"color: #363636; font-family: Poppins, sans-serif; font-size: 16px;\">Pourquoi Madyblue? <\/span><\/p><p><span style=\"color: #363636; font-family: Poppins, sans-serif; font-size: 16px;\">Ces derni\u00e8res ann\u00e9es j&#8217;ai \u00e9t\u00e9 envahie par une envie de cr\u00e9er. Il faut savoir que cette envie folle de me lancer a \u00e9t\u00e9 confirm\u00e9 lors de ma visite \u00e0 l&#8217;exposition Dior Couture au mus\u00e9e des arts d\u00e9coratifs \u00e0 Paris. Suite \u00e0 cette incroyable visite je me suis procur\u00e9e tout le mat\u00e9riel n\u00e9cessaire pour cr\u00e9er de jolies pi\u00e8ces.<\/span><\/p>\t\t\t\t\t\t<\/div>\n\t\t\t\t<\/div>\n\t\t\t\t\t<\/div>\n\t\t<\/div>\n\t\t\t\t\t\t\t<\/div>\n\t\t<\/section>\n\t\t\t\t<section class=\"elementor-section elementor-top-section elementor-element elementor-element-f7d5ff2 elementor-section-content-middle elementor-section-boxed elementor-section-height-default elementor-section-height-default\" data-id=\"f7d5ff2\" data-element_type=\"section\">\n\t\t\t\t\t\t<div class=\"elementor-container elementor-column-gap-default\">\n\t\t\t\t\t<div class=\"elementor-column elementor-col-50 elementor-top-column elementor-element elementor-element-283533a\" data-id=\"283533a\" data-element_type=\"column\">\n\t\t\t<div class=\"elementor-widget-wrap elementor-element-populated\">\n\t\t\t\t\t\t\t\t<div class=\"elementor-element elementor-element-5a5e9b0 elementor-invisible elementor-widget elementor-widget-text-editor\" data-id=\"5a5e9b0\" data-element_type=\"widget\" data-settings=\"{&quot;_animation&quot;:&quot;fadeInRight&quot;}\" data-widget_type=\"text-editor.default\">\n\t\t\t\t<div class=\"elementor-widget-container\">\n\t\t\t\t\t\t\t<h4><span style=\"color: #363636; font-family: Poppins, sans-serif; font-size: 16px; background-color: transparent;\">En tant que jeune femme passionn\u00e9e par la mode, j&#8217;ai de trop nombreuses fois \u00e9t\u00e9 frustr\u00e9e de me retrouver avec les m\u00eames v\u00eatements que mes amies, des v\u00eatements provenants de grandes enseignes, qui se sont av\u00e9r\u00e9s \u00eatre de mauvaise qualit\u00e9, fabriqu\u00e9s au bout du monde et de mani\u00e8re pas toujours \u00e9thique. J&#8217;ai ainsi commenc\u00e9 \u00e0 cr\u00e9er mes pi\u00e8ces\u00a0<\/span><span style=\"color: #363636; font-family: Poppins, sans-serif; font-size: 16px; background-color: transparent;\">Madyblue, et \u00e0 habiller mes amies en leurs proposant un choix de pi\u00e8ces uniques ou en tr\u00e8s petites quantit\u00e9s. <\/span><\/h4>\t\t\t\t\t\t<\/div>\n\t\t\t\t<\/div>\n\t\t\t\t\t<\/div>\n\t\t<\/div>\n\t\t\t\t<div class=\"elementor-column elementor-col-50 elementor-top-column elementor-element elementor-element-de51eb5\" data-id=\"de51eb5\" data-element_type=\"column\">\n\t\t\t<div class=\"elementor-widget-wrap elementor-element-populated\">\n\t\t\t\t\t\t\t\t<div class=\"elementor-element elementor-element-3013d56 elementor-invisible elementor-widget elementor-widget-image\" data-id=\"3013d56\" data-element_type=\"widget\" data-settings=\"{&quot;_animation&quot;:&quot;fadeInRight&quot;,&quot;_animation_mobile&quot;:&quot;fadeInRight&quot;}\" data-widget_type=\"image.default\">\n\t\t\t\t<div class=\"elementor-widget-container\">\n\t\t\t\t\t\t\t\t\t\t\t\t\t\t\t<img loading=\"lazy\" decoding=\"async\" width=\"2560\" height=\"2560\" src=\"https:\/\/madyblue.fr\/wp-content\/uploads\/2020\/06\/52AB5502-84AF-4FE3-B13D-7CCF9F5BEA7D-scaled.jpeg\" class=\"attachment-full size-full wp-image-1483\" alt=\"\" srcset=\"https:\/\/madyblue.fr\/wp-content\/uploads\/2020\/06\/52AB5502-84AF-4FE3-B13D-7CCF9F5BEA7D-scaled.jpeg 2560w, https:\/\/madyblue.fr\/wp-content\/uploads\/2020\/06\/52AB5502-84AF-4FE3-B13D-7CCF9F5BEA7D-scaled-300x300.jpeg 300w, https:\/\/madyblue.fr\/wp-content\/uploads\/2020\/06\/52AB5502-84AF-4FE3-B13D-7CCF9F5BEA7D-scaled-100x100.jpeg 100w, https:\/\/madyblue.fr\/wp-content\/uploads\/2020\/06\/52AB5502-84AF-4FE3-B13D-7CCF9F5BEA7D-scaled-600x600.jpeg 600w, https:\/\/madyblue.fr\/wp-content\/uploads\/2020\/06\/52AB5502-84AF-4FE3-B13D-7CCF9F5BEA7D-1024x1024.jpeg 1024w, https:\/\/madyblue.fr\/wp-content\/uploads\/2020\/06\/52AB5502-84AF-4FE3-B13D-7CCF9F5BEA7D-150x150.jpeg 150w, https:\/\/madyblue.fr\/wp-content\/uploads\/2020\/06\/52AB5502-84AF-4FE3-B13D-7CCF9F5BEA7D-768x768.jpeg 768w, https:\/\/madyblue.fr\/wp-content\/uploads\/2020\/06\/52AB5502-84AF-4FE3-B13D-7CCF9F5BEA7D-1536x1536.jpeg 1536w, https:\/\/madyblue.fr\/wp-content\/uploads\/2020\/06\/52AB5502-84AF-4FE3-B13D-7CCF9F5BEA7D-2048x2048.jpeg 2048w\" sizes=\"(max-width: 2560px) 100vw, 2560px\" \/>\t\t\t\t\t\t\t\t\t\t\t\t\t\t\t<\/div>\n\t\t\t\t<\/div>\n\t\t\t\t\t<\/div>\n\t\t<\/div>\n\t\t\t\t\t\t\t<\/div>\n\t\t<\/section>\n\t\t\t\t<section class=\"elementor-section elementor-top-section elementor-element elementor-element-8e3231e elementor-section-boxed elementor-section-height-default elementor-section-height-default\" data-id=\"8e3231e\" data-element_type=\"section\">\n\t\t\t\t\t\t<div class=\"elementor-container elementor-column-gap-default\">\n\t\t\t\t\t<div class=\"elementor-column elementor-col-100 elementor-top-column elementor-element elementor-element-aed2776\" data-id=\"aed2776\" data-element_type=\"column\">\n\t\t\t<div class=\"elementor-widget-wrap elementor-element-populated\">\n\t\t\t\t\t\t\t\t<div class=\"elementor-element elementor-element-0d055f5 elementor-invisible elementor-widget elementor-widget-text-editor\" data-id=\"0d055f5\" data-element_type=\"widget\" data-settings=\"{&quot;_animation&quot;:&quot;fadeInUp&quot;}\" data-widget_type=\"text-editor.default\">\n\t\t\t\t<div class=\"elementor-widget-container\">\n\t\t\t\t\t\t\t<p><span style=\"color: #363636; font-family: Poppins, sans-serif; font-size: 16px;\">Retrouvez Madyblue sur\u00a0<\/span><a style=\"font-family: Poppins, sans-serif; font-size: 16px; background-color: #ffffff;\" href=\"https:\/\/www.instagram.com\/coutureelo\/\" target=\"_blank\" rel=\"noopener\">Instagram<\/a><span style=\"font-size: medium;\">.<\/span><span style=\"color: #363636; font-family: Poppins, sans-serif; font-size: medium;\">\u00a0<\/span><\/p>\t\t\t\t\t\t<\/div>\n\t\t\t\t<\/div>\n\t\t\t\t\t<\/div>\n\t\t<\/div>\n\t\t\t\t\t\t\t<\/div>\n\t\t<\/section>\n\t\t\t\t\t\t\t<\/div>\n\t\t","protected":false},"excerpt":{"rendered":"<p>Histoire Madyblue propose une fusion \u00e9quilibr\u00e9e entre la mode, l&#8217;exclusivit\u00e9 et l&#8217;\u00e9vasion. Elle illustre au travers de ses collections un m\u00e9lange d&#8217;\u00e9motion qui a \u00e9t\u00e9 inspir\u00e9 par la vie d&#8217;une femme appel\u00e9e Mady.\u00a0 Lors de ses voyages autour du monde, Mady a marqu\u00e9 un grand nombre de personnes par sa grande gentillesse, son \u00e9l\u00e9gance mais [&hellip;]<\/p>\n","protected":false},"author":1,"featured_media":0,"parent":0,"menu_order":0,"comment_status":"closed","ping_status":"closed","template":"elementor_header_footer","meta":{"footnotes":""},"yoast_head":"<!-- This site is optimized with the Yoast SEO plugin v15.5 - https:\/\/yoast.com\/wordpress\/plugins\/seo\/ -->\n<title>Histoire | Madyblue<\/title>\n<meta name=\"description\" content=\"La mode Evasion | D\u00e9couvre la petite histoire de Madyblue. Cette femme nomm\u00e9e Mady, magnifi\u00e9e par ses magnifiques yeux bleux \u00e9tait ma grand m\u00e8re.\" \/>\n<meta name=\"robots\" content=\"index, follow, max-snippet:-1, max-image-preview:large, max-video-preview:-1\" \/>\n<link rel=\"canonical\" href=\"https:\/\/madyblue.fr\/?page_id=57\" \/>\n<meta property=\"og:locale\" content=\"fr_FR\" \/>\n<meta property=\"og:type\" content=\"article\" \/>\n<meta property=\"og:title\" content=\"Histoire | Madyblue\" \/>\n<meta property=\"og:description\" content=\"La mode Evasion | D\u00e9couvre la petite histoire de Madyblue. Cette femme nomm\u00e9e Mady, magnifi\u00e9e par ses magnifiques yeux bleux \u00e9tait ma grand m\u00e8re.\" \/>\n<meta property=\"og:url\" content=\"https:\/\/madyblue.fr\/?page_id=57\" \/>\n<meta property=\"og:site_name\" content=\"Madyblue\" \/>\n<meta property=\"article:publisher\" content=\"https:\/\/www.facebook.com\/coutureelo\/\" \/>\n<meta property=\"article:modified_time\" content=\"2023-11-17T19:00:47+00:00\" \/>\n<meta property=\"og:image\" content=\"https:\/\/madyblue.fr\/wp-content\/uploads\/2020\/04\/CFDE4C5B-DCFB-4725-ABBE-9557640F054C-1024x768.jpeg\" \/>\n<meta name=\"twitter:card\" content=\"summary_large_image\" \/>\n<meta name=\"twitter:label1\" content=\"Dur\u00e9e de lecture est.\">\n\t<meta name=\"twitter:data1\" content=\"1 minute\">\n<script type=\"application\/ld+json\" class=\"yoast-schema-graph\">{\"@context\":\"https:\/\/schema.org\",\"@graph\":[{\"@type\":\"Organization\",\"@id\":\"https:\/\/madyblue.fr\/#organization\",\"name\":\"Madyblue\",\"url\":\"https:\/\/madyblue.fr\/\",\"sameAs\":[\"https:\/\/www.facebook.com\/coutureelo\/\",\"https:\/\/www.instagram.com\/madyblue_\/?utm_source=qr\",\"https:\/\/www.youtube.com\/channel\/UCwT7zmvPz-MBcBzQryyMLCA\"],\"logo\":{\"@type\":\"ImageObject\",\"@id\":\"https:\/\/madyblue.fr\/#logo\",\"inLanguage\":\"fr-FR\",\"url\":\"https:\/\/madyblue.fr\/wp-content\/uploads\/2020\/01\/madyblue-logo-final-e1580495257182.png\",\"width\":763,\"height\":118,\"caption\":\"Madyblue\"},\"image\":{\"@id\":\"https:\/\/madyblue.fr\/#logo\"}},{\"@type\":\"WebSite\",\"@id\":\"https:\/\/madyblue.fr\/#website\",\"url\":\"https:\/\/madyblue.fr\/\",\"name\":\"Madyblue\",\"description\":\"Boutique de cr\\u00e9atrice\",\"publisher\":{\"@id\":\"https:\/\/madyblue.fr\/#organization\"},\"potentialAction\":[{\"@type\":\"SearchAction\",\"target\":\"https:\/\/madyblue.fr\/?s={search_term_string}\",\"query-input\":\"required name=search_term_string\"}],\"inLanguage\":\"fr-FR\"},{\"@type\":\"ImageObject\",\"@id\":\"https:\/\/madyblue.fr\/?page_id=57#primaryimage\",\"inLanguage\":\"fr-FR\",\"url\":\"https:\/\/madyblue.fr\/wp-content\/uploads\/2020\/04\/CFDE4C5B-DCFB-4725-ABBE-9557640F054C-1024x768.jpeg\"},{\"@type\":\"WebPage\",\"@id\":\"https:\/\/madyblue.fr\/?page_id=57#webpage\",\"url\":\"https:\/\/madyblue.fr\/?page_id=57\",\"name\":\"Histoire | Madyblue\",\"isPartOf\":{\"@id\":\"https:\/\/madyblue.fr\/#website\"},\"primaryImageOfPage\":{\"@id\":\"https:\/\/madyblue.fr\/?page_id=57#primaryimage\"},\"datePublished\":\"2019-12-06T09:37:30+00:00\",\"dateModified\":\"2023-11-17T19:00:47+00:00\",\"description\":\"La mode Evasion | D\\u00e9couvre la petite histoire de Madyblue. Cette femme nomm\\u00e9e Mady, magnifi\\u00e9e par ses magnifiques yeux bleux \\u00e9tait ma grand m\\u00e8re.\",\"inLanguage\":\"fr-FR\",\"potentialAction\":[{\"@type\":\"ReadAction\",\"target\":[\"https:\/\/madyblue.fr\/?page_id=57\"]}]}]}<\/script>\n<!-- \/ Yoast SEO plugin. -->","_links":{"self":[{"href":"https:\/\/madyblue.fr\/index.php?rest_route=\/wp\/v2\/pages\/57"}],"collection":[{"href":"https:\/\/madyblue.fr\/index.php?rest_route=\/wp\/v2\/pages"}],"about":[{"href":"https:\/\/madyblue.fr\/index.php?rest_route=\/wp\/v2\/types\/page"}],"author":[{"embeddable":true,"href":"https:\/\/madyblue.fr\/index.php?rest_route=\/wp\/v2\/users\/1"}],"replies":[{"embeddable":true,"href":"https:\/\/madyblue.fr\/index.php?rest_route=%2Fwp%2Fv2%2Fcomments&post=57"}],"version-history":[{"count":26,"href":"https:\/\/madyblue.fr\/index.php?rest_route=\/wp\/v2\/pages\/57\/revisions"}],"predecessor-version":[{"id":1745,"href":"https:\/\/madyblue.fr\/index.php?rest_route=\/wp\/v2\/pages\/57\/revisions\/1745"}],"wp:attachment":[{"href":"https:\/\/madyblue.fr\/index.php?rest_route=%2Fwp%2Fv2%2Fmedia&parent=57"}],"curies":[{"name":"wp","href":"https:\/\/api.w.org\/{rel}","templated":true}]}}